{"id":10627,"date":"2022-09-07T10:49:15","date_gmt":"2022-09-07T09:49:15","guid":{"rendered":"https:\/\/www.ludothequericochet.fr\/?page_id=10627"},"modified":"2022-09-07T13:41:15","modified_gmt":"2022-09-07T12:41:15","slug":"blog-5","status":"publish","type":"page","link":"https:\/\/www.ludothequericochet.fr\/?page_id=10627","title":{"rendered":"Actualit\u00e9s"},"content":{"rendered":"","protected":false},"excerpt":{"rendered":"","protected":false},"author":1,"featured_media":0,"parent":0,"menu_order":0,"comment_status":"closed","ping_status":"closed","template":"","meta":{"ngg_post_thumbnail":0,"jetpack_post_was_ever_published":false,"footnotes":""},"class_list":["post-10627","page","type-page","status-publish","hentry"],"yoast_head":"<!-- This site is optimized with the Yoast SEO plugin v27.2 - https:\/\/yoast.com\/product\/yoast-seo-wordpress\/ -->\n<title>Actualit\u00e9s - Ludoth\u00e8que itin\u00e9rante Ricochet<\/title>\n<meta name=\"robots\" content=\"index, follow, max-snippet:-1, max-image-preview:large, max-video-preview:-1\" \/>\n<link rel=\"canonical\" href=\"https:\/\/www.ludothequericochet.fr\/?page_id=10627\" \/>\n<meta property=\"og:locale\" content=\"fr_FR\" \/>\n<meta property=\"og:type\" content=\"article\" \/>\n<meta property=\"og:title\" content=\"Actualit\u00e9s - Ludoth\u00e8que itin\u00e9rante Ricochet\" \/>\n<meta property=\"og:url\" content=\"https:\/\/www.ludothequericochet.fr\/?page_id=10627\" \/>\n<meta property=\"og:site_name\" content=\"Ludoth\u00e8que itin\u00e9rante Ricochet\" \/>\n<meta property=\"article:publisher\" content=\"https:\/\/www.facebook.com\/ludo.ricochet\/\" \/>\n<meta property=\"article:modified_time\" content=\"2022-09-07T12:41:15+00:00\" \/>\n<meta name=\"twitter:card\" content=\"summary_large_image\" \/>\n<script type=\"application\/ld+json\" class=\"yoast-schema-graph\">{\"@context\":\"https:\/\/schema.org\",\"@graph\":[{\"@type\":[\"WebPage\",\"CollectionPage\"],\"@id\":\"https:\/\/www.ludothequericochet.fr\/?page_id=10627\",\"url\":\"https:\/\/www.ludothequericochet.fr\/?page_id=10627\",\"name\":\"Actualit\u00e9s - Ludoth\u00e8que itin\u00e9rante Ricochet\",\"isPartOf\":{\"@id\":\"https:\/\/www.ludothequericochet.fr\/#website\"},\"datePublished\":\"2022-09-07T09:49:15+00:00\",\"dateModified\":\"2022-09-07T12:41:15+00:00\",\"breadcrumb\":{\"@id\":\"https:\/\/www.ludothequericochet.fr\/?page_id=10627#breadcrumb\"},\"inLanguage\":\"fr-FR\"},{\"@type\":\"BreadcrumbList\",\"@id\":\"https:\/\/www.ludothequericochet.fr\/?page_id=10627#breadcrumb\",\"itemListElement\":[{\"@type\":\"ListItem\",\"position\":1,\"name\":\"Home\",\"item\":\"https:\/\/www.ludothequericochet.fr\/\"},{\"@type\":\"ListItem\",\"position\":2,\"name\":\"Actualit\u00e9s\"}]},{\"@type\":\"WebSite\",\"@id\":\"https:\/\/www.ludothequericochet.fr\/#website\",\"url\":\"https:\/\/www.ludothequericochet.fr\/\",\"name\":\"Ludoth\u00e8que itin\u00e9rante Ricochet\",\"description\":\"La ludoth\u00e8que itin\u00e9rante des Marches du Velay Rochebaron\",\"publisher\":{\"@id\":\"https:\/\/www.ludothequericochet.fr\/#organization\"},\"potentialAction\":[{\"@type\":\"SearchAction\",\"target\":{\"@type\":\"EntryPoint\",\"urlTemplate\":\"https:\/\/www.ludothequericochet.fr\/?s={search_term_string}\"},\"query-input\":{\"@type\":\"PropertyValueSpecification\",\"valueRequired\":true,\"valueName\":\"search_term_string\"}}],\"inLanguage\":\"fr-FR\"},{\"@type\":\"Organization\",\"@id\":\"https:\/\/www.ludothequericochet.fr\/#organization\",\"name\":\"Ludoth\u00e8que itin\u00e9rante Ricochet\",\"url\":\"https:\/\/www.ludothequericochet.fr\/\",\"logo\":{\"@type\":\"ImageObject\",\"inLanguage\":\"fr-FR\",\"@id\":\"https:\/\/www.ludothequericochet.fr\/#\/schema\/logo\/image\/\",\"url\":\"https:\/\/i0.wp.com\/www.ludothequericochet.fr\/wp-content\/uploads\/2020\/04\/logo_ricochet.png?fit=1090%2C770&ssl=1\",\"contentUrl\":\"https:\/\/i0.wp.com\/www.ludothequericochet.fr\/wp-content\/uploads\/2020\/04\/logo_ricochet.png?fit=1090%2C770&ssl=1\",\"width\":1090,\"height\":770,\"caption\":\"Ludoth\u00e8que itin\u00e9rante Ricochet\"},\"image\":{\"@id\":\"https:\/\/www.ludothequericochet.fr\/#\/schema\/logo\/image\/\"},\"sameAs\":[\"https:\/\/www.facebook.com\/ludo.ricochet\/\"]}]}<\/script>\n<!-- \/ Yoast SEO plugin. -->","yoast_head_json":{"title":"Actualit\u00e9s - Ludoth\u00e8que itin\u00e9rante Ricochet","robots":{"index":"index","follow":"follow","max-snippet":"max-snippet:-1","max-image-preview":"max-image-preview:large","max-video-preview":"max-video-preview:-1"},"canonical":"https:\/\/www.ludothequericochet.fr\/?page_id=10627","og_locale":"fr_FR","og_type":"article","og_title":"Actualit\u00e9s - Ludoth\u00e8que itin\u00e9rante Ricochet","og_url":"https:\/\/www.ludothequericochet.fr\/?page_id=10627","og_site_name":"Ludoth\u00e8que itin\u00e9rante Ricochet","article_publisher":"https:\/\/www.facebook.com\/ludo.ricochet\/","article_modified_time":"2022-09-07T12:41:15+00:00","twitter_card":"summary_large_image","schema":{"@context":"https:\/\/schema.org","@graph":[{"@type":["WebPage","CollectionPage"],"@id":"https:\/\/www.ludothequericochet.fr\/?page_id=10627","url":"https:\/\/www.ludothequericochet.fr\/?page_id=10627","name":"Actualit\u00e9s - Ludoth\u00e8que itin\u00e9rante Ricochet","isPartOf":{"@id":"https:\/\/www.ludothequericochet.fr\/#website"},"datePublished":"2022-09-07T09:49:15+00:00","dateModified":"2022-09-07T12:41:15+00:00","breadcrumb":{"@id":"https:\/\/www.ludothequericochet.fr\/?page_id=10627#breadcrumb"},"inLanguage":"fr-FR"},{"@type":"BreadcrumbList","@id":"https:\/\/www.ludothequericochet.fr\/?page_id=10627#breadcrumb","itemListElement":[{"@type":"ListItem","position":1,"name":"Home","item":"https:\/\/www.ludothequericochet.fr\/"},{"@type":"ListItem","position":2,"name":"Actualit\u00e9s"}]},{"@type":"WebSite","@id":"https:\/\/www.ludothequericochet.fr\/#website","url":"https:\/\/www.ludothequericochet.fr\/","name":"Ludoth\u00e8que itin\u00e9rante Ricochet","description":"La ludoth\u00e8que itin\u00e9rante des Marches du Velay Rochebaron","publisher":{"@id":"https:\/\/www.ludothequericochet.fr\/#organization"},"potentialAction":[{"@type":"SearchAction","target":{"@type":"EntryPoint","urlTemplate":"https:\/\/www.ludothequericochet.fr\/?s={search_term_string}"},"query-input":{"@type":"PropertyValueSpecification","valueRequired":true,"valueName":"search_term_string"}}],"inLanguage":"fr-FR"},{"@type":"Organization","@id":"https:\/\/www.ludothequericochet.fr\/#organization","name":"Ludoth\u00e8que itin\u00e9rante Ricochet","url":"https:\/\/www.ludothequericochet.fr\/","logo":{"@type":"ImageObject","inLanguage":"fr-FR","@id":"https:\/\/www.ludothequericochet.fr\/#\/schema\/logo\/image\/","url":"https:\/\/i0.wp.com\/www.ludothequericochet.fr\/wp-content\/uploads\/2020\/04\/logo_ricochet.png?fit=1090%2C770&ssl=1","contentUrl":"https:\/\/i0.wp.com\/www.ludothequericochet.fr\/wp-content\/uploads\/2020\/04\/logo_ricochet.png?fit=1090%2C770&ssl=1","width":1090,"height":770,"caption":"Ludoth\u00e8que itin\u00e9rante Ricochet"},"image":{"@id":"https:\/\/www.ludothequericochet.fr\/#\/schema\/logo\/image\/"},"sameAs":["https:\/\/www.facebook.com\/ludo.ricochet\/"]}]}},"jetpack_sharing_enabled":true,"jetpack_likes_enabled":false,"jetpack-related-posts":[{"id":139,"url":"https:\/\/www.ludothequericochet.fr\/?page_id=139","url_meta":{"origin":10627,"position":0},"title":"Actualit\u00e9s","author":"ricochetwp","date":"30 d\u00e9cembre 2014","format":false,"excerpt":"","rel":"","context":"Article similaire","block_context":{"text":"Article similaire","link":""},"img":{"alt_text":"","src":"https:\/\/i0.wp.com\/www.ludothequericochet.fr\/wp-content\/uploads\/2017\/05\/blog-2.jpg?fit=1156%2C749&ssl=1&resize=350%2C200","width":350,"height":200,"srcset":"https:\/\/i0.wp.com\/www.ludothequericochet.fr\/wp-content\/uploads\/2017\/05\/blog-2.jpg?fit=1156%2C749&ssl=1&resize=350%2C200 1x, https:\/\/i0.wp.com\/www.ludothequericochet.fr\/wp-content\/uploads\/2017\/05\/blog-2.jpg?fit=1156%2C749&ssl=1&resize=525%2C300 1.5x, https:\/\/i0.wp.com\/www.ludothequericochet.fr\/wp-content\/uploads\/2017\/05\/blog-2.jpg?fit=1156%2C749&ssl=1&resize=700%2C400 2x, https:\/\/i0.wp.com\/www.ludothequericochet.fr\/wp-content\/uploads\/2017\/05\/blog-2.jpg?fit=1156%2C749&ssl=1&resize=1050%2C600 3x"},"classes":[]},{"id":243,"url":"https:\/\/www.ludothequericochet.fr\/?page_id=243","url_meta":{"origin":10627,"position":1},"title":"Actualit\u00e9s","author":"ricochetwp","date":"9 novembre 2016","format":false,"excerpt":"","rel":"","context":"Dans &quot;Non class\u00e9&quot;","block_context":{"text":"Non class\u00e9","link":"https:\/\/www.ludothequericochet.fr\/?cat=1"},"img":{"alt_text":"","src":"","width":0,"height":0},"classes":[]},{"id":6104,"url":"https:\/\/www.ludothequericochet.fr\/?page_id=6104","url_meta":{"origin":10627,"position":2},"title":"Front Page","author":"ricochetwp","date":"24 avril 2020","format":false,"excerpt":"Accueil du public De l\u2019enfance \u00e0 la personne \u00e2g\u00e9e. AnimationsPour les structures. Location de jeuxPour les particuliers et les structures. Plus de services\u2026 Autres prestations autour du jeu 3 000 JEUX 458 ADHERENTS 1 033 USAGERS Actualit\u00e9s r\u00e9centes S\u2019abonner aux publications [one_page_express_latest_news] Voir toutes les actualit\u00e9s Comment nous trouver? Planning\u2026","rel":"","context":"Article similaire","block_context":{"text":"Article similaire","link":""},"img":{"alt_text":"","src":"https:\/\/i0.wp.com\/ludothequericochet.fr\/wp-content\/uploads\/2020\/04\/monde.jpg?w=3840&resize=350%2C200","width":350,"height":200},"classes":[]},{"id":10625,"url":"https:\/\/www.ludothequericochet.fr\/","url_meta":{"origin":10627,"position":3},"title":"Front Page","author":"ricochetwp","date":"7 septembre 2022","format":false,"excerpt":"Animations particuliers Animations structures Location de jeux Plus de services... 2 300 JEUX 737 ADH\u00e9RENTS 1 033 Usagers Actualit\u00e9s r\u00e9centes S'abonner aux publications Voir toutes les actualit\u00e9s Comment nous trouver? Planning des permanences Accueils tous publics Nous nous d\u00e9pla\u00e7ons chaque mois dans quatre communes du territoire Marches du velay Rochebaron\u2026","rel":"","context":"Article similaire","block_context":{"text":"Article similaire","link":""},"img":{"alt_text":"","src":"https:\/\/i0.wp.com\/www.ludothequericochet.fr\/wp-content\/uploads\/2020\/04\/monde.jpg?resize=350%2C200&ssl=1","width":350,"height":200,"srcset":"https:\/\/i0.wp.com\/www.ludothequericochet.fr\/wp-content\/uploads\/2020\/04\/monde.jpg?resize=350%2C200&ssl=1 1x, https:\/\/i0.wp.com\/www.ludothequericochet.fr\/wp-content\/uploads\/2020\/04\/monde.jpg?resize=525%2C300&ssl=1 1.5x"},"classes":[]}],"post_mailing_queue_ids":[],"_links":{"self":[{"href":"https:\/\/www.ludothequericochet.fr\/index.php?rest_route=\/wp\/v2\/pages\/10627","targetHints":{"allow":["GET"]}}],"collection":[{"href":"https:\/\/www.ludothequericochet.fr\/index.php?rest_route=\/wp\/v2\/pages"}],"about":[{"href":"https:\/\/www.ludothequericochet.fr\/index.php?rest_route=\/wp\/v2\/types\/page"}],"author":[{"embeddable":true,"href":"https:\/\/www.ludothequericochet.fr\/index.php?rest_route=\/wp\/v2\/users\/1"}],"replies":[{"embeddable":true,"href":"https:\/\/www.ludothequericochet.fr\/index.php?rest_route=%2Fwp%2Fv2%2Fcomments&post=10627"}],"version-history":[{"count":1,"href":"https:\/\/www.ludothequericochet.fr\/index.php?rest_route=\/wp\/v2\/pages\/10627\/revisions"}],"predecessor-version":[{"id":10922,"href":"https:\/\/www.ludothequericochet.fr\/index.php?rest_route=\/wp\/v2\/pages\/10627\/revisions\/10922"}],"wp:attachment":[{"href":"https:\/\/www.ludothequericochet.fr\/index.php?rest_route=%2Fwp%2Fv2%2Fmedia&parent=10627"}],"curies":[{"name":"wp","href":"https:\/\/api.w.org\/{rel}","templated":true}]}}