{"id":2885,"date":"2017-05-05T10:08:17","date_gmt":"2017-05-05T09:08:17","guid":{"rendered":"http:\/\/ludotheqkp.cluster023.hosting.ovh.net\/?page_id=2885"},"modified":"2019-07-02T06:36:13","modified_gmt":"2019-07-02T05:36:13","slug":"nous-situer","status":"publish","type":"page","link":"https:\/\/www.ludothequericochet.fr\/?page_id=2885","title":{"rendered":"Nous situer"},"content":{"rendered":"<h4><strong>Adresse du local :<\/strong><\/h4>\n<p>Avenue de Marin\u00e9o, 43600 SAINTE-SIGOLENE (\u00e0 gauche de la salle polyvalente)<\/p>\n\n\n<h4 class=\"wp-block-heading\"><strong>Permanences au local pour les emprunts et retours de jeux :<\/strong><\/h4>\n\n\n\n<p> <em>Merci de prendre pr\u00e9alablement Rendez-vous avec une ludoth\u00e9caire au 04.71.58.47.70 \/ 06.70.05.80.20<\/em>  <\/p>\n\n\n\n<p>  \u2022 Mardi 9 juillet de 13h30 a 17h <br>  \u2022 Samedi 13 juillet de 10h \u00e0 11h30<br>  \u2022 Jeudi 25 juillet de 8h a 11h30 <br>  \u2022 Samedi 10 ao\u00fbt de 10h \u00e0 11h30<br>  \u2022 Mardi 10 septembre de 13h30 \u00e0 17h00<br>  \u2022 Samedi 14 septembre de 10h \u00e0 11h30<br>  \u2022 Jeudi 26 septembre de 8h00 \u00e0 11h30<br>  \u2022 Mardi 8 octobre de 13h30 \u00e0 17h00<br>  \u2022 Samedi 12 octobre de 10h \u00e0 11h30<br>  \u2022 Samedi 9 novembre de 10h \u00e0 11h30<br>  \u2022 Jeudi 31 octobre de 8h00 \u00e0 11h30<br>  \u2022 Mardi 13 novembre de 13h30 \u00e0 17h00<br>  \u2022 Jeudi 28 novembre de 8h00 \u00e0 11h30<br>  \u2022 Mardi 10 d\u00e9cembre de 13h30 \u00e0 17h00<br>  \u2022 Samedi 14 d\u00e9cembre de 10h \u00e0 11h30<\/p>\n\n\n\n<p><strong>Plan :<\/strong><\/p>\n\n\n\n<figure><iframe src=\"https:\/\/www.google.com\/maps\/embed?pb=!4v1544967824111!6m8!1m7!1sCYSH2EpH5g2DW4xJf__ceg!2m2!1d45.23894767857764!2d4.235969730979493!3f263.1897063570032!4f-10.387880108516384!5f0.7820865974627469\" allowfullscreen=\"allowfullscreen\" height=\"450\" width=\"600\"><\/iframe><\/figure>\n","protected":false},"excerpt":{"rendered":"<p>Adresse du local : Avenue de Marin\u00e9o, 43600 SAINTE-SIGOLENE (\u00e0 gauche de la salle polyvalente) Permanences au local pour les emprunts et retours de jeux : Merci de prendre pr\u00e9alablement Rendez-vous avec une ludoth\u00e9caire au 04.71.58.47.70 \/ 06.70.05.80.20 \u2022 Mardi 9 juillet de 13h30 a 17h \u2022 Samedi 13 juillet de 10h \u00e0 11h30 \u2022 [&hellip;]<\/p>\n","protected":false},"author":1,"featured_media":0,"parent":20,"menu_order":0,"comment_status":"closed","ping_status":"closed","template":"","meta":{"ngg_post_thumbnail":0,"jetpack_post_was_ever_published":false,"footnotes":""},"class_list":["post-2885","page","type-page","status-publish","hentry"],"yoast_head":"<!-- This site is optimized with the Yoast SEO plugin v27.2 - https:\/\/yoast.com\/product\/yoast-seo-wordpress\/ -->\n<title>Nous situer - Ludoth\u00e8que itin\u00e9rante Ricochet<\/title>\n<meta name=\"robots\" content=\"index, follow, max-snippet:-1, max-image-preview:large, max-video-preview:-1\" \/>\n<link rel=\"canonical\" href=\"https:\/\/www.ludothequericochet.fr\/?page_id=2885\" \/>\n<meta property=\"og:locale\" content=\"fr_FR\" \/>\n<meta property=\"og:type\" content=\"article\" \/>\n<meta property=\"og:title\" content=\"Nous situer - Ludoth\u00e8que itin\u00e9rante Ricochet\" \/>\n<meta property=\"og:description\" content=\"Adresse du local : Avenue de Marin\u00e9o, 43600 SAINTE-SIGOLENE (\u00e0 gauche de la salle polyvalente) Permanences au local pour les emprunts et retours de jeux : Merci de prendre pr\u00e9alablement Rendez-vous avec une ludoth\u00e9caire au 04.71.58.47.70 \/ 06.70.05.80.20 \u2022 Mardi 9 juillet de 13h30 a 17h \u2022 Samedi 13 juillet de 10h \u00e0 11h30 \u2022 [&hellip;]\" \/>\n<meta property=\"og:url\" content=\"https:\/\/www.ludothequericochet.fr\/?page_id=2885\" \/>\n<meta property=\"og:site_name\" content=\"Ludoth\u00e8que itin\u00e9rante Ricochet\" \/>\n<meta property=\"article:publisher\" content=\"https:\/\/www.facebook.com\/ludo.ricochet\/\" \/>\n<meta property=\"article:modified_time\" content=\"2019-07-02T05:36:13+00:00\" \/>\n<meta name=\"twitter:card\" content=\"summary_large_image\" \/>\n<meta name=\"twitter:label1\" content=\"Dur\u00e9e de lecture estim\u00e9e\" \/>\n\t<meta name=\"twitter:data1\" content=\"1 minute\" \/>\n<script type=\"application\/ld+json\" class=\"yoast-schema-graph\">{\"@context\":\"https:\/\/schema.org\",\"@graph\":[{\"@type\":\"WebPage\",\"@id\":\"https:\/\/www.ludothequericochet.fr\/?page_id=2885\",\"url\":\"https:\/\/www.ludothequericochet.fr\/?page_id=2885\",\"name\":\"Nous situer - Ludoth\u00e8que itin\u00e9rante Ricochet\",\"isPartOf\":{\"@id\":\"https:\/\/www.ludothequericochet.fr\/#website\"},\"datePublished\":\"2017-05-05T09:08:17+00:00\",\"dateModified\":\"2019-07-02T05:36:13+00:00\",\"breadcrumb\":{\"@id\":\"https:\/\/www.ludothequericochet.fr\/?page_id=2885#breadcrumb\"},\"inLanguage\":\"fr-FR\",\"potentialAction\":[{\"@type\":\"ReadAction\",\"target\":[\"https:\/\/www.ludothequericochet.fr\/?page_id=2885\"]}]},{\"@type\":\"BreadcrumbList\",\"@id\":\"https:\/\/www.ludothequericochet.fr\/?page_id=2885#breadcrumb\",\"itemListElement\":[{\"@type\":\"ListItem\",\"position\":1,\"name\":\"Home\",\"item\":\"https:\/\/www.ludothequericochet.fr\/\"},{\"@type\":\"ListItem\",\"position\":2,\"name\":\"L&rsquo;association\",\"item\":\"https:\/\/www.ludothequericochet.fr\/?page_id=20\"},{\"@type\":\"ListItem\",\"position\":3,\"name\":\"Nous situer\"}]},{\"@type\":\"WebSite\",\"@id\":\"https:\/\/www.ludothequericochet.fr\/#website\",\"url\":\"https:\/\/www.ludothequericochet.fr\/\",\"name\":\"Ludoth\u00e8que itin\u00e9rante Ricochet\",\"description\":\"La ludoth\u00e8que itin\u00e9rante des Marches du Velay Rochebaron\",\"publisher\":{\"@id\":\"https:\/\/www.ludothequericochet.fr\/#organization\"},\"potentialAction\":[{\"@type\":\"SearchAction\",\"target\":{\"@type\":\"EntryPoint\",\"urlTemplate\":\"https:\/\/www.ludothequericochet.fr\/?s={search_term_string}\"},\"query-input\":{\"@type\":\"PropertyValueSpecification\",\"valueRequired\":true,\"valueName\":\"search_term_string\"}}],\"inLanguage\":\"fr-FR\"},{\"@type\":\"Organization\",\"@id\":\"https:\/\/www.ludothequericochet.fr\/#organization\",\"name\":\"Ludoth\u00e8que itin\u00e9rante Ricochet\",\"url\":\"https:\/\/www.ludothequericochet.fr\/\",\"logo\":{\"@type\":\"ImageObject\",\"inLanguage\":\"fr-FR\",\"@id\":\"https:\/\/www.ludothequericochet.fr\/#\/schema\/logo\/image\/\",\"url\":\"https:\/\/i0.wp.com\/www.ludothequericochet.fr\/wp-content\/uploads\/2020\/04\/logo_ricochet.png?fit=1090%2C770&ssl=1\",\"contentUrl\":\"https:\/\/i0.wp.com\/www.ludothequericochet.fr\/wp-content\/uploads\/2020\/04\/logo_ricochet.png?fit=1090%2C770&ssl=1\",\"width\":1090,\"height\":770,\"caption\":\"Ludoth\u00e8que itin\u00e9rante Ricochet\"},\"image\":{\"@id\":\"https:\/\/www.ludothequericochet.fr\/#\/schema\/logo\/image\/\"},\"sameAs\":[\"https:\/\/www.facebook.com\/ludo.ricochet\/\"]}]}<\/script>\n<!-- \/ Yoast SEO plugin. -->","yoast_head_json":{"title":"Nous situer - Ludoth\u00e8que itin\u00e9rante Ricochet","robots":{"index":"index","follow":"follow","max-snippet":"max-snippet:-1","max-image-preview":"max-image-preview:large","max-video-preview":"max-video-preview:-1"},"canonical":"https:\/\/www.ludothequericochet.fr\/?page_id=2885","og_locale":"fr_FR","og_type":"article","og_title":"Nous situer - Ludoth\u00e8que itin\u00e9rante Ricochet","og_description":"Adresse du local : Avenue de Marin\u00e9o, 43600 SAINTE-SIGOLENE (\u00e0 gauche de la salle polyvalente) Permanences au local pour les emprunts et retours de jeux : Merci de prendre pr\u00e9alablement Rendez-vous avec une ludoth\u00e9caire au 04.71.58.47.70 \/ 06.70.05.80.20 \u2022 Mardi 9 juillet de 13h30 a 17h \u2022 Samedi 13 juillet de 10h \u00e0 11h30 \u2022 [&hellip;]","og_url":"https:\/\/www.ludothequericochet.fr\/?page_id=2885","og_site_name":"Ludoth\u00e8que itin\u00e9rante Ricochet","article_publisher":"https:\/\/www.facebook.com\/ludo.ricochet\/","article_modified_time":"2019-07-02T05:36:13+00:00","twitter_card":"summary_large_image","twitter_misc":{"Dur\u00e9e de lecture estim\u00e9e":"1 minute"},"schema":{"@context":"https:\/\/schema.org","@graph":[{"@type":"WebPage","@id":"https:\/\/www.ludothequericochet.fr\/?page_id=2885","url":"https:\/\/www.ludothequericochet.fr\/?page_id=2885","name":"Nous situer - Ludoth\u00e8que itin\u00e9rante Ricochet","isPartOf":{"@id":"https:\/\/www.ludothequericochet.fr\/#website"},"datePublished":"2017-05-05T09:08:17+00:00","dateModified":"2019-07-02T05:36:13+00:00","breadcrumb":{"@id":"https:\/\/www.ludothequericochet.fr\/?page_id=2885#breadcrumb"},"inLanguage":"fr-FR","potentialAction":[{"@type":"ReadAction","target":["https:\/\/www.ludothequericochet.fr\/?page_id=2885"]}]},{"@type":"BreadcrumbList","@id":"https:\/\/www.ludothequericochet.fr\/?page_id=2885#breadcrumb","itemListElement":[{"@type":"ListItem","position":1,"name":"Home","item":"https:\/\/www.ludothequericochet.fr\/"},{"@type":"ListItem","position":2,"name":"L&rsquo;association","item":"https:\/\/www.ludothequericochet.fr\/?page_id=20"},{"@type":"ListItem","position":3,"name":"Nous situer"}]},{"@type":"WebSite","@id":"https:\/\/www.ludothequericochet.fr\/#website","url":"https:\/\/www.ludothequericochet.fr\/","name":"Ludoth\u00e8que itin\u00e9rante Ricochet","description":"La ludoth\u00e8que itin\u00e9rante des Marches du Velay Rochebaron","publisher":{"@id":"https:\/\/www.ludothequericochet.fr\/#organization"},"potentialAction":[{"@type":"SearchAction","target":{"@type":"EntryPoint","urlTemplate":"https:\/\/www.ludothequericochet.fr\/?s={search_term_string}"},"query-input":{"@type":"PropertyValueSpecification","valueRequired":true,"valueName":"search_term_string"}}],"inLanguage":"fr-FR"},{"@type":"Organization","@id":"https:\/\/www.ludothequericochet.fr\/#organization","name":"Ludoth\u00e8que itin\u00e9rante Ricochet","url":"https:\/\/www.ludothequericochet.fr\/","logo":{"@type":"ImageObject","inLanguage":"fr-FR","@id":"https:\/\/www.ludothequericochet.fr\/#\/schema\/logo\/image\/","url":"https:\/\/i0.wp.com\/www.ludothequericochet.fr\/wp-content\/uploads\/2020\/04\/logo_ricochet.png?fit=1090%2C770&ssl=1","contentUrl":"https:\/\/i0.wp.com\/www.ludothequericochet.fr\/wp-content\/uploads\/2020\/04\/logo_ricochet.png?fit=1090%2C770&ssl=1","width":1090,"height":770,"caption":"Ludoth\u00e8que itin\u00e9rante Ricochet"},"image":{"@id":"https:\/\/www.ludothequericochet.fr\/#\/schema\/logo\/image\/"},"sameAs":["https:\/\/www.facebook.com\/ludo.ricochet\/"]}]}},"jetpack_sharing_enabled":true,"jetpack_likes_enabled":false,"jetpack-related-posts":[{"id":5481,"url":"https:\/\/www.ludothequericochet.fr\/?page_id=5481","url_meta":{"origin":2885,"position":0},"title":"Accueil du public","author":"ricochetwp","date":"2 juillet 2019","format":false,"excerpt":"Animations r\u00e9guli\u00e8res au local de la ludoth\u00e8que \u2022 Accueils 0-4 ans :\u00a0 le mardi de 9h00 \u00e0 12h00 \u2022 Accueils tous publics : - le samedi de 9h00 \u00e0 12h00,\u00a0 - le mardi de 9h00 \u00e0 12h00 pendant les vacances scolaires, - le mercredi de 14h00 \u00e0 18h00. \u00a0 Ouverture\u2026","rel":"","context":"Article similaire","block_context":{"text":"Article similaire","link":""},"img":{"alt_text":"","src":"https:\/\/i0.wp.com\/www.ludothequericochet.fr\/wp-content\/uploads\/2020\/07\/plage.jpg?resize=350%2C200","width":350,"height":200},"classes":[]},{"id":8726,"url":"https:\/\/www.ludothequericochet.fr\/?page_id=8726","url_meta":{"origin":2885,"position":1},"title":"Inscription aux accueils au local","author":"ricochetwp","date":"15 juin 2021","format":false,"excerpt":"Les accueils au local de la ludoth\u00e8que reprennent! Retrouvez-nous : le mardi matin et samedi matin de 9h30 \u00e0 11h30 (selon le planning des accueils communiqu\u00e9) \u00e0 l'occasion des accueils tous publics et\u00a0 0-4 ans \u00a0 Afin de respecter les jauges sanitaires, merci de vous inscrire gr\u00e2ce au formulaire ci-contre\u2026","rel":"","context":"Article similaire","block_context":{"text":"Article similaire","link":""},"img":{"alt_text":"","src":"https:\/\/i0.wp.com\/www.ludothequericochet.fr\/wp-content\/uploads\/2020\/08\/jeux_aout_2020.png?resize=350%2C200&ssl=1","width":350,"height":200,"srcset":"https:\/\/i0.wp.com\/www.ludothequericochet.fr\/wp-content\/uploads\/2020\/08\/jeux_aout_2020.png?resize=350%2C200&ssl=1 1x, https:\/\/i0.wp.com\/www.ludothequericochet.fr\/wp-content\/uploads\/2020\/08\/jeux_aout_2020.png?resize=525%2C300&ssl=1 1.5x, https:\/\/i0.wp.com\/www.ludothequericochet.fr\/wp-content\/uploads\/2020\/08\/jeux_aout_2020.png?resize=700%2C400&ssl=1 2x, https:\/\/i0.wp.com\/www.ludothequericochet.fr\/wp-content\/uploads\/2020\/08\/jeux_aout_2020.png?resize=1050%2C600&ssl=1 3x"},"classes":[]},{"id":6104,"url":"https:\/\/www.ludothequericochet.fr\/?page_id=6104","url_meta":{"origin":2885,"position":2},"title":"Front Page","author":"ricochetwp","date":"24 avril 2020","format":false,"excerpt":"Accueil du public De l\u2019enfance \u00e0 la personne \u00e2g\u00e9e. AnimationsPour les structures. Location de jeuxPour les particuliers et les structures. Plus de services\u2026 Autres prestations autour du jeu 3 000 JEUX 458 ADHERENTS 1 033 USAGERS Actualit\u00e9s r\u00e9centes S\u2019abonner aux publications [one_page_express_latest_news] Voir toutes les actualit\u00e9s Comment nous trouver? Planning\u2026","rel":"","context":"Article similaire","block_context":{"text":"Article similaire","link":""},"img":{"alt_text":"","src":"https:\/\/i0.wp.com\/ludothequericochet.fr\/wp-content\/uploads\/2020\/04\/monde.jpg?w=3840&resize=350%2C200","width":350,"height":200},"classes":[]},{"id":3114,"url":"https:\/\/www.ludothequericochet.fr\/?page_id=3114","url_meta":{"origin":2885,"position":3},"title":"Animations pour les particulier","author":"ricochetwp","date":"29 mai 2017","format":false,"excerpt":"De l'enfance \u00e0 la personne \u00e2g\u00e9e.","rel":"","context":"Article similaire","block_context":{"text":"Article similaire","link":""},"img":{"alt_text":"","src":"https:\/\/i0.wp.com\/www.ludothequericochet.fr\/wp-content\/uploads\/2017\/06\/20170621_152626.jpg?fit=1200%2C675&ssl=1&resize=350%2C200","width":350,"height":200,"srcset":"https:\/\/i0.wp.com\/www.ludothequericochet.fr\/wp-content\/uploads\/2017\/06\/20170621_152626.jpg?fit=1200%2C675&ssl=1&resize=350%2C200 1x, https:\/\/i0.wp.com\/www.ludothequericochet.fr\/wp-content\/uploads\/2017\/06\/20170621_152626.jpg?fit=1200%2C675&ssl=1&resize=525%2C300 1.5x, https:\/\/i0.wp.com\/www.ludothequericochet.fr\/wp-content\/uploads\/2017\/06\/20170621_152626.jpg?fit=1200%2C675&ssl=1&resize=700%2C400 2x, https:\/\/i0.wp.com\/www.ludothequericochet.fr\/wp-content\/uploads\/2017\/06\/20170621_152626.jpg?fit=1200%2C675&ssl=1&resize=1050%2C600 3x"},"classes":[]},{"id":4550,"url":"https:\/\/www.ludothequericochet.fr\/?page_id=4550","url_meta":{"origin":2885,"position":4},"title":"Ste Sigol\u00e8ne : F\u00eate du jeu et escape game","author":"ricochetwp","date":"29 mai 2018","format":false,"excerpt":"La ludoth\u00e8que Ricochet invite petits et grands joueurs \u00e0 passer une apr\u00e8s-midi en famille pour la f\u00eate du jeu. Samedi 16 juin de 15h \u00e0 21h \u00e0 la salle polyvalente de Sainte-Sigol\u00e8ne L\u2019entr\u00e9e est gratuite. Vous pourrez vous amuser dans les diff\u00e9rents espaces de jeux mis \u00e0 disposition avec des\u2026","rel":"","context":"Article similaire","block_context":{"text":"Article similaire","link":""},"img":{"alt_text":"","src":"https:\/\/i0.wp.com\/www.ludothequericochet.fr\/wp-content\/uploads\/2018\/05\/Affiche-fete-du-jeu-Ste-sigolene-16-juin-2018.jpg?fit=848%2C1200&ssl=1&resize=350%2C200","width":350,"height":200,"srcset":"https:\/\/i0.wp.com\/www.ludothequericochet.fr\/wp-content\/uploads\/2018\/05\/Affiche-fete-du-jeu-Ste-sigolene-16-juin-2018.jpg?fit=848%2C1200&ssl=1&resize=350%2C200 1x, https:\/\/i0.wp.com\/www.ludothequericochet.fr\/wp-content\/uploads\/2018\/05\/Affiche-fete-du-jeu-Ste-sigolene-16-juin-2018.jpg?fit=848%2C1200&ssl=1&resize=525%2C300 1.5x, https:\/\/i0.wp.com\/www.ludothequericochet.fr\/wp-content\/uploads\/2018\/05\/Affiche-fete-du-jeu-Ste-sigolene-16-juin-2018.jpg?fit=848%2C1200&ssl=1&resize=700%2C400 2x"},"classes":[]},{"id":10625,"url":"https:\/\/www.ludothequericochet.fr\/","url_meta":{"origin":2885,"position":5},"title":"Front Page","author":"ricochetwp","date":"7 septembre 2022","format":false,"excerpt":"Animations particuliers Animations structures Location de jeux Plus de services... 2 300 JEUX 737 ADH\u00e9RENTS 1 033 Usagers Actualit\u00e9s r\u00e9centes S'abonner aux publications Voir toutes les actualit\u00e9s Comment nous trouver? Planning des permanences Accueils tous publics Nous nous d\u00e9pla\u00e7ons chaque mois dans quatre communes du territoire Marches du velay Rochebaron\u2026","rel":"","context":"Article similaire","block_context":{"text":"Article similaire","link":""},"img":{"alt_text":"","src":"https:\/\/i0.wp.com\/www.ludothequericochet.fr\/wp-content\/uploads\/2020\/04\/monde.jpg?resize=350%2C200&ssl=1","width":350,"height":200,"srcset":"https:\/\/i0.wp.com\/www.ludothequericochet.fr\/wp-content\/uploads\/2020\/04\/monde.jpg?resize=350%2C200&ssl=1 1x, https:\/\/i0.wp.com\/www.ludothequericochet.fr\/wp-content\/uploads\/2020\/04\/monde.jpg?resize=525%2C300&ssl=1 1.5x"},"classes":[]}],"post_mailing_queue_ids":[],"_links":{"self":[{"href":"https:\/\/www.ludothequericochet.fr\/index.php?rest_route=\/wp\/v2\/pages\/2885","targetHints":{"allow":["GET"]}}],"collection":[{"href":"https:\/\/www.ludothequericochet.fr\/index.php?rest_route=\/wp\/v2\/pages"}],"about":[{"href":"https:\/\/www.ludothequericochet.fr\/index.php?rest_route=\/wp\/v2\/types\/page"}],"author":[{"embeddable":true,"href":"https:\/\/www.ludothequericochet.fr\/index.php?rest_route=\/wp\/v2\/users\/1"}],"replies":[{"embeddable":true,"href":"https:\/\/www.ludothequericochet.fr\/index.php?rest_route=%2Fwp%2Fv2%2Fcomments&post=2885"}],"version-history":[{"count":31,"href":"https:\/\/www.ludothequericochet.fr\/index.php?rest_route=\/wp\/v2\/pages\/2885\/revisions"}],"predecessor-version":[{"id":5475,"href":"https:\/\/www.ludothequericochet.fr\/index.php?rest_route=\/wp\/v2\/pages\/2885\/revisions\/5475"}],"up":[{"embeddable":true,"href":"https:\/\/www.ludothequericochet.fr\/index.php?rest_route=\/wp\/v2\/pages\/20"}],"wp:attachment":[{"href":"https:\/\/www.ludothequericochet.fr\/index.php?rest_route=%2Fwp%2Fv2%2Fmedia&parent=2885"}],"curies":[{"name":"wp","href":"https:\/\/api.w.org\/{rel}","templated":true}]}}