{"id":5257,"date":"2019-04-29T08:02:49","date_gmt":"2019-04-29T07:02:49","guid":{"rendered":"http:\/\/www.ludothequericochet.fr\/?page_id=5257"},"modified":"2019-05-11T13:25:33","modified_gmt":"2019-05-11T12:25:33","slug":"politique-de-confidentialite","status":"publish","type":"page","link":"https:\/\/www.ludothequericochet.fr\/?page_id=5257","title":{"rendered":"Politique de confidentialit\u00e9"},"content":{"rendered":"\n<p><strong>Qui sommes-nous&nbsp;?<\/strong><\/p>\n\n\n\n<p>L\u2019adresse de\nnotre site Web est&nbsp;: https:\/\/www.ludothequericochet.fr.<\/p>\n\n\n\n<p><strong>Utilisation des donn\u00e9es personnelles collect\u00e9es<\/strong><\/p>\n\n\n\n<p>Vos\ninformations personnelles ne sont partag\u00e9es avec personne. <\/p>\n\n\n\n<p><strong>Commentaires<\/strong><\/p>\n\n\n\n<p>Quand vous\nlaissez un commentaire sur notre site web, les donn\u00e9es inscrites dans le\nformulaire de commentaire, mais aussi votre adresse IP et l\u2019agent utilisateur\nde votre navigateur sont collect\u00e9s pour nous aider \u00e0 la d\u00e9tection des\ncommentaires ind\u00e9sirables.<\/p>\n\n\n\n<p>Une cha\u00eene\nanonymis\u00e9e cr\u00e9\u00e9e \u00e0 partir de votre adresse de messagerie (\u00e9galement appel\u00e9e\nhash) peut \u00eatre envoy\u00e9e au service Gravatar pour v\u00e9rifier si vous utilisez ce\ndernier. Les clauses de confidentialit\u00e9 du service Gravatar sont disponibles\nici&nbsp;: https:\/\/automattic.com\/privacy\/. Apr\u00e8s validation de votre\ncommentaire, votre photo de profil sera visible publiquement \u00e0 cot\u00e9 de votre\ncommentaire.<\/p>\n\n\n\n<p><strong>Abonnement au blog<\/strong><\/p>\n\n\n\n<p>Lors de l&rsquo;abonnement au Blog, nous collectons votre adresse mail dans le but de vous envoyer les publications d&rsquo;informations et les publications des animations qui se d\u00e9rouleront sur les communes ou territoires que vous avez pr\u00e9alablement choisis.<\/p>\n\n\n\n<p><strong>Dur\u00e9e de conservations des adresses mail<\/strong><\/p>\n\n\n\n<p>Toutes les\ninformations (emails) sont conserv\u00e9es dans la base de donn\u00e9es, sauf si elles\nsont supprim\u00e9es sur demande du titulaire. <\/p>\n\n\n\n<p><strong>Les droits que vous avez sur vos donn\u00e9es<\/strong><\/p>\n\n\n\n<p>Si vous \u00eates\nadh\u00e9rent \u00e0 l&rsquo;association Ricochet, ou que vous avez rempli un formulaire de\ncontact ou que vous vous \u00eates abonn\u00e9 au Blog, vous pouvez demander \u00e0 recevoir\nun fichier contenant toutes les donn\u00e9es personnelles que nous poss\u00e9dons \u00e0 votre\nsujet, incluant celles que vous nous avez fournies. Vous pouvez \u00e9galement\ndemander la suppression des donn\u00e9es personnelles vous concernant. Cela ne prend\npas en compte les donn\u00e9es stock\u00e9es \u00e0 des fins administratives, l\u00e9gales ou pour\ndes raisons de s\u00e9curit\u00e9.<\/p>\n\n\n\n<p><strong>Informations de contact<\/strong><\/p>\n\n\n\n<p>Vos demandes\nsont \u00e0 nous adresser via le formulaire de contact sur la page d\u2019accueil https:\/\/www.ludothequericochet.fr.<\/p>\n\n\n\n<p><strong>Contenu embarqu\u00e9 depuis d\u2019autres sites<\/strong><\/p>\n\n\n\n<p>Les articles\nde ce site peuvent \u00e9ventuellement inclure des contenus int\u00e9gr\u00e9s (par exemple\ndes vid\u00e9os, images, articles\u2026). Le contenu int\u00e9gr\u00e9 depuis d\u2019autres sites se\ncomporte de la m\u00eame mani\u00e8re que si le visiteur se rendait sur cet autre site.<\/p>\n\n\n\n<p>Ces sites\nweb pourraient collecter des donn\u00e9es sur vous, utiliser des cookies, embarquer\ndes outils de suivis tiers, suivre vos interactions avec ces contenus embarqu\u00e9s\nsi vous disposez d\u2019un compte connect\u00e9 sur leur site web.<\/p>\n","protected":false},"excerpt":{"rendered":"<p>Qui sommes-nous&nbsp;? L\u2019adresse de notre site Web est&nbsp;: https:\/\/www.ludothequericochet.fr. Utilisation des donn\u00e9es personnelles collect\u00e9es Vos informations personnelles ne sont partag\u00e9es avec personne. Commentaires Quand vous laissez un commentaire sur notre site web, les donn\u00e9es inscrites dans le formulaire de commentaire, mais aussi votre adresse IP et l\u2019agent utilisateur de votre navigateur sont collect\u00e9s pour nous [&hellip;]<\/p>\n","protected":false},"author":1,"featured_media":0,"parent":0,"menu_order":0,"comment_status":"closed","ping_status":"closed","template":"","meta":{"ngg_post_thumbnail":0,"jetpack_post_was_ever_published":false,"footnotes":""},"class_list":["post-5257","page","type-page","status-publish","hentry"],"yoast_head":"<!-- This site is optimized with the Yoast SEO plugin v27.2 - https:\/\/yoast.com\/product\/yoast-seo-wordpress\/ -->\n<title>Politique de confidentialit\u00e9 - Ludoth\u00e8que itin\u00e9rante Ricochet<\/title>\n<meta name=\"robots\" content=\"index, follow, max-snippet:-1, max-image-preview:large, max-video-preview:-1\" \/>\n<link rel=\"canonical\" href=\"https:\/\/www.ludothequericochet.fr\/?page_id=5257\" \/>\n<meta property=\"og:locale\" content=\"fr_FR\" \/>\n<meta property=\"og:type\" content=\"article\" \/>\n<meta property=\"og:title\" content=\"Politique de confidentialit\u00e9 - Ludoth\u00e8que itin\u00e9rante Ricochet\" \/>\n<meta property=\"og:description\" content=\"Qui sommes-nous&nbsp;? L\u2019adresse de notre site Web est&nbsp;: https:\/\/www.ludothequericochet.fr. Utilisation des donn\u00e9es personnelles collect\u00e9es Vos informations personnelles ne sont partag\u00e9es avec personne. Commentaires Quand vous laissez un commentaire sur notre site web, les donn\u00e9es inscrites dans le formulaire de commentaire, mais aussi votre adresse IP et l\u2019agent utilisateur de votre navigateur sont collect\u00e9s pour nous [&hellip;]\" \/>\n<meta property=\"og:url\" content=\"https:\/\/www.ludothequericochet.fr\/?page_id=5257\" \/>\n<meta property=\"og:site_name\" content=\"Ludoth\u00e8que itin\u00e9rante Ricochet\" \/>\n<meta property=\"article:publisher\" content=\"https:\/\/www.facebook.com\/ludo.ricochet\/\" \/>\n<meta property=\"article:modified_time\" content=\"2019-05-11T12:25:33+00:00\" \/>\n<meta name=\"twitter:card\" content=\"summary_large_image\" \/>\n<meta name=\"twitter:label1\" content=\"Dur\u00e9e de lecture estim\u00e9e\" \/>\n\t<meta name=\"twitter:data1\" content=\"2 minutes\" \/>\n<script type=\"application\/ld+json\" class=\"yoast-schema-graph\">{\"@context\":\"https:\/\/schema.org\",\"@graph\":[{\"@type\":\"WebPage\",\"@id\":\"https:\/\/www.ludothequericochet.fr\/?page_id=5257\",\"url\":\"https:\/\/www.ludothequericochet.fr\/?page_id=5257\",\"name\":\"Politique de confidentialit\u00e9 - Ludoth\u00e8que itin\u00e9rante Ricochet\",\"isPartOf\":{\"@id\":\"https:\/\/www.ludothequericochet.fr\/#website\"},\"datePublished\":\"2019-04-29T07:02:49+00:00\",\"dateModified\":\"2019-05-11T12:25:33+00:00\",\"breadcrumb\":{\"@id\":\"https:\/\/www.ludothequericochet.fr\/?page_id=5257#breadcrumb\"},\"inLanguage\":\"fr-FR\",\"potentialAction\":[{\"@type\":\"ReadAction\",\"target\":[\"https:\/\/www.ludothequericochet.fr\/?page_id=5257\"]}]},{\"@type\":\"BreadcrumbList\",\"@id\":\"https:\/\/www.ludothequericochet.fr\/?page_id=5257#breadcrumb\",\"itemListElement\":[{\"@type\":\"ListItem\",\"position\":1,\"name\":\"Home\",\"item\":\"https:\/\/www.ludothequericochet.fr\/\"},{\"@type\":\"ListItem\",\"position\":2,\"name\":\"Politique de confidentialit\u00e9\"}]},{\"@type\":\"WebSite\",\"@id\":\"https:\/\/www.ludothequericochet.fr\/#website\",\"url\":\"https:\/\/www.ludothequericochet.fr\/\",\"name\":\"Ludoth\u00e8que itin\u00e9rante Ricochet\",\"description\":\"La ludoth\u00e8que itin\u00e9rante des Marches du Velay Rochebaron\",\"publisher\":{\"@id\":\"https:\/\/www.ludothequericochet.fr\/#organization\"},\"potentialAction\":[{\"@type\":\"SearchAction\",\"target\":{\"@type\":\"EntryPoint\",\"urlTemplate\":\"https:\/\/www.ludothequericochet.fr\/?s={search_term_string}\"},\"query-input\":{\"@type\":\"PropertyValueSpecification\",\"valueRequired\":true,\"valueName\":\"search_term_string\"}}],\"inLanguage\":\"fr-FR\"},{\"@type\":\"Organization\",\"@id\":\"https:\/\/www.ludothequericochet.fr\/#organization\",\"name\":\"Ludoth\u00e8que itin\u00e9rante Ricochet\",\"url\":\"https:\/\/www.ludothequericochet.fr\/\",\"logo\":{\"@type\":\"ImageObject\",\"inLanguage\":\"fr-FR\",\"@id\":\"https:\/\/www.ludothequericochet.fr\/#\/schema\/logo\/image\/\",\"url\":\"https:\/\/i0.wp.com\/www.ludothequericochet.fr\/wp-content\/uploads\/2020\/04\/logo_ricochet.png?fit=1090%2C770&ssl=1\",\"contentUrl\":\"https:\/\/i0.wp.com\/www.ludothequericochet.fr\/wp-content\/uploads\/2020\/04\/logo_ricochet.png?fit=1090%2C770&ssl=1\",\"width\":1090,\"height\":770,\"caption\":\"Ludoth\u00e8que itin\u00e9rante Ricochet\"},\"image\":{\"@id\":\"https:\/\/www.ludothequericochet.fr\/#\/schema\/logo\/image\/\"},\"sameAs\":[\"https:\/\/www.facebook.com\/ludo.ricochet\/\"]}]}<\/script>\n<!-- \/ Yoast SEO plugin. -->","yoast_head_json":{"title":"Politique de confidentialit\u00e9 - Ludoth\u00e8que itin\u00e9rante Ricochet","robots":{"index":"index","follow":"follow","max-snippet":"max-snippet:-1","max-image-preview":"max-image-preview:large","max-video-preview":"max-video-preview:-1"},"canonical":"https:\/\/www.ludothequericochet.fr\/?page_id=5257","og_locale":"fr_FR","og_type":"article","og_title":"Politique de confidentialit\u00e9 - Ludoth\u00e8que itin\u00e9rante Ricochet","og_description":"Qui sommes-nous&nbsp;? L\u2019adresse de notre site Web est&nbsp;: https:\/\/www.ludothequericochet.fr. Utilisation des donn\u00e9es personnelles collect\u00e9es Vos informations personnelles ne sont partag\u00e9es avec personne. Commentaires Quand vous laissez un commentaire sur notre site web, les donn\u00e9es inscrites dans le formulaire de commentaire, mais aussi votre adresse IP et l\u2019agent utilisateur de votre navigateur sont collect\u00e9s pour nous [&hellip;]","og_url":"https:\/\/www.ludothequericochet.fr\/?page_id=5257","og_site_name":"Ludoth\u00e8que itin\u00e9rante Ricochet","article_publisher":"https:\/\/www.facebook.com\/ludo.ricochet\/","article_modified_time":"2019-05-11T12:25:33+00:00","twitter_card":"summary_large_image","twitter_misc":{"Dur\u00e9e de lecture estim\u00e9e":"2 minutes"},"schema":{"@context":"https:\/\/schema.org","@graph":[{"@type":"WebPage","@id":"https:\/\/www.ludothequericochet.fr\/?page_id=5257","url":"https:\/\/www.ludothequericochet.fr\/?page_id=5257","name":"Politique de confidentialit\u00e9 - Ludoth\u00e8que itin\u00e9rante Ricochet","isPartOf":{"@id":"https:\/\/www.ludothequericochet.fr\/#website"},"datePublished":"2019-04-29T07:02:49+00:00","dateModified":"2019-05-11T12:25:33+00:00","breadcrumb":{"@id":"https:\/\/www.ludothequericochet.fr\/?page_id=5257#breadcrumb"},"inLanguage":"fr-FR","potentialAction":[{"@type":"ReadAction","target":["https:\/\/www.ludothequericochet.fr\/?page_id=5257"]}]},{"@type":"BreadcrumbList","@id":"https:\/\/www.ludothequericochet.fr\/?page_id=5257#breadcrumb","itemListElement":[{"@type":"ListItem","position":1,"name":"Home","item":"https:\/\/www.ludothequericochet.fr\/"},{"@type":"ListItem","position":2,"name":"Politique de confidentialit\u00e9"}]},{"@type":"WebSite","@id":"https:\/\/www.ludothequericochet.fr\/#website","url":"https:\/\/www.ludothequericochet.fr\/","name":"Ludoth\u00e8que itin\u00e9rante Ricochet","description":"La ludoth\u00e8que itin\u00e9rante des Marches du Velay Rochebaron","publisher":{"@id":"https:\/\/www.ludothequericochet.fr\/#organization"},"potentialAction":[{"@type":"SearchAction","target":{"@type":"EntryPoint","urlTemplate":"https:\/\/www.ludothequericochet.fr\/?s={search_term_string}"},"query-input":{"@type":"PropertyValueSpecification","valueRequired":true,"valueName":"search_term_string"}}],"inLanguage":"fr-FR"},{"@type":"Organization","@id":"https:\/\/www.ludothequericochet.fr\/#organization","name":"Ludoth\u00e8que itin\u00e9rante Ricochet","url":"https:\/\/www.ludothequericochet.fr\/","logo":{"@type":"ImageObject","inLanguage":"fr-FR","@id":"https:\/\/www.ludothequericochet.fr\/#\/schema\/logo\/image\/","url":"https:\/\/i0.wp.com\/www.ludothequericochet.fr\/wp-content\/uploads\/2020\/04\/logo_ricochet.png?fit=1090%2C770&ssl=1","contentUrl":"https:\/\/i0.wp.com\/www.ludothequericochet.fr\/wp-content\/uploads\/2020\/04\/logo_ricochet.png?fit=1090%2C770&ssl=1","width":1090,"height":770,"caption":"Ludoth\u00e8que itin\u00e9rante Ricochet"},"image":{"@id":"https:\/\/www.ludothequericochet.fr\/#\/schema\/logo\/image\/"},"sameAs":["https:\/\/www.facebook.com\/ludo.ricochet\/"]}]}},"jetpack_sharing_enabled":true,"jetpack_likes_enabled":false,"jetpack-related-posts":[{"id":6302,"url":"https:\/\/www.ludothequericochet.fr\/?page_id=6302","url_meta":{"origin":5257,"position":0},"title":"R\u00e9servation de jeux","author":"ricochetwp","date":"25 avril 2020","format":false,"excerpt":"Vous pouvez d\u00e9sormais r\u00e9server vos jeux et consulter notre catalogue de jeux en ligne via le portail adh\u00e9rent (dans le menu de notre site). Un email intitul\u00e9 \"Connexion au portail adh\u00e9rent de la ludoth\u00e8que\" vous a \u00e9t\u00e9 envoy\u00e9 le 10\/06\/2021 (si vous nous avez transmis votre adresse mail) afin de\u2026","rel":"","context":"Article similaire","block_context":{"text":"Article similaire","link":""},"img":{"alt_text":"","src":"https:\/\/i0.wp.com\/www.ludothequericochet.fr\/wp-content\/uploads\/2021\/06\/nouveau.png?resize=350%2C200&ssl=1","width":350,"height":200},"classes":[]},{"id":3114,"url":"https:\/\/www.ludothequericochet.fr\/?page_id=3114","url_meta":{"origin":5257,"position":1},"title":"Animations pour les particulier","author":"ricochetwp","date":"29 mai 2017","format":false,"excerpt":"De l'enfance \u00e0 la personne \u00e2g\u00e9e.","rel":"","context":"Article similaire","block_context":{"text":"Article similaire","link":""},"img":{"alt_text":"","src":"https:\/\/i0.wp.com\/www.ludothequericochet.fr\/wp-content\/uploads\/2017\/06\/20170621_152626.jpg?fit=1200%2C675&ssl=1&resize=350%2C200","width":350,"height":200,"srcset":"https:\/\/i0.wp.com\/www.ludothequericochet.fr\/wp-content\/uploads\/2017\/06\/20170621_152626.jpg?fit=1200%2C675&ssl=1&resize=350%2C200 1x, https:\/\/i0.wp.com\/www.ludothequericochet.fr\/wp-content\/uploads\/2017\/06\/20170621_152626.jpg?fit=1200%2C675&ssl=1&resize=525%2C300 1.5x, https:\/\/i0.wp.com\/www.ludothequericochet.fr\/wp-content\/uploads\/2017\/06\/20170621_152626.jpg?fit=1200%2C675&ssl=1&resize=700%2C400 2x, https:\/\/i0.wp.com\/www.ludothequericochet.fr\/wp-content\/uploads\/2017\/06\/20170621_152626.jpg?fit=1200%2C675&ssl=1&resize=1050%2C600 3x"},"classes":[]},{"id":3295,"url":"https:\/\/www.ludothequericochet.fr\/?page_id=3295","url_meta":{"origin":5257,"position":2},"title":"Plus de services","author":"ricochetwp","date":"13 juin 2017","format":false,"excerpt":"Autres prestations autour du jeu.","rel":"","context":"Article similaire","block_context":{"text":"Article similaire","link":""},"img":{"alt_text":"","src":"https:\/\/i0.wp.com\/www.ludothequericochet.fr\/wp-content\/uploads\/2025\/12\/carte-cadeau-768x384.png?resize=350%2C200&ssl=1","width":350,"height":200,"srcset":"https:\/\/i0.wp.com\/www.ludothequericochet.fr\/wp-content\/uploads\/2025\/12\/carte-cadeau-768x384.png?resize=350%2C200&ssl=1 1x, https:\/\/i0.wp.com\/www.ludothequericochet.fr\/wp-content\/uploads\/2025\/12\/carte-cadeau-768x384.png?resize=525%2C300&ssl=1 1.5x, https:\/\/i0.wp.com\/www.ludothequericochet.fr\/wp-content\/uploads\/2025\/12\/carte-cadeau-768x384.png?resize=700%2C400&ssl=1 2x"},"classes":[]},{"id":3110,"url":"https:\/\/www.ludothequericochet.fr\/?page_id=3110","url_meta":{"origin":5257,"position":3},"title":"Location de jeux","author":"ricochetwp","date":"29 mai 2017","format":false,"excerpt":"Pour les particuliers ou les structures.","rel":"","context":"Article similaire","block_context":{"text":"Article similaire","link":""},"img":{"alt_text":"","src":"https:\/\/i0.wp.com\/www.ludothequericochet.fr\/wp-content\/uploads\/2020\/04\/baby-1093759_640.jpg?resize=350%2C200&ssl=1","width":350,"height":200,"srcset":"https:\/\/i0.wp.com\/www.ludothequericochet.fr\/wp-content\/uploads\/2020\/04\/baby-1093759_640.jpg?resize=350%2C200&ssl=1 1x, https:\/\/i0.wp.com\/www.ludothequericochet.fr\/wp-content\/uploads\/2020\/04\/baby-1093759_640.jpg?resize=525%2C300&ssl=1 1.5x"},"classes":[]},{"id":4550,"url":"https:\/\/www.ludothequericochet.fr\/?page_id=4550","url_meta":{"origin":5257,"position":4},"title":"Ste Sigol\u00e8ne : F\u00eate du jeu et escape game","author":"ricochetwp","date":"29 mai 2018","format":false,"excerpt":"La ludoth\u00e8que Ricochet invite petits et grands joueurs \u00e0 passer une apr\u00e8s-midi en famille pour la f\u00eate du jeu. Samedi 16 juin de 15h \u00e0 21h \u00e0 la salle polyvalente de Sainte-Sigol\u00e8ne L\u2019entr\u00e9e est gratuite. Vous pourrez vous amuser dans les diff\u00e9rents espaces de jeux mis \u00e0 disposition avec des\u2026","rel":"","context":"Article similaire","block_context":{"text":"Article similaire","link":""},"img":{"alt_text":"","src":"https:\/\/i0.wp.com\/www.ludothequericochet.fr\/wp-content\/uploads\/2018\/05\/Affiche-fete-du-jeu-Ste-sigolene-16-juin-2018.jpg?fit=848%2C1200&ssl=1&resize=350%2C200","width":350,"height":200,"srcset":"https:\/\/i0.wp.com\/www.ludothequericochet.fr\/wp-content\/uploads\/2018\/05\/Affiche-fete-du-jeu-Ste-sigolene-16-juin-2018.jpg?fit=848%2C1200&ssl=1&resize=350%2C200 1x, https:\/\/i0.wp.com\/www.ludothequericochet.fr\/wp-content\/uploads\/2018\/05\/Affiche-fete-du-jeu-Ste-sigolene-16-juin-2018.jpg?fit=848%2C1200&ssl=1&resize=525%2C300 1.5x, https:\/\/i0.wp.com\/www.ludothequericochet.fr\/wp-content\/uploads\/2018\/05\/Affiche-fete-du-jeu-Ste-sigolene-16-juin-2018.jpg?fit=848%2C1200&ssl=1&resize=700%2C400 2x"},"classes":[]},{"id":3112,"url":"https:\/\/www.ludothequericochet.fr\/?page_id=3112","url_meta":{"origin":5257,"position":5},"title":"Animations pour les structures","author":"ricochetwp","date":"29 mai 2017","format":false,"excerpt":"Pour les structures.","rel":"","context":"Article similaire","block_context":{"text":"Article similaire","link":""},"img":{"alt_text":"","src":"https:\/\/i0.wp.com\/www.ludothequericochet.fr\/wp-content\/uploads\/2019\/07\/camion-1-1024x497.jpg?resize=350%2C200&ssl=1","width":350,"height":200,"srcset":"https:\/\/i0.wp.com\/www.ludothequericochet.fr\/wp-content\/uploads\/2019\/07\/camion-1-1024x497.jpg?resize=350%2C200&ssl=1 1x, https:\/\/i0.wp.com\/www.ludothequericochet.fr\/wp-content\/uploads\/2019\/07\/camion-1-1024x497.jpg?resize=525%2C300&ssl=1 1.5x, https:\/\/i0.wp.com\/www.ludothequericochet.fr\/wp-content\/uploads\/2019\/07\/camion-1-1024x497.jpg?resize=700%2C400&ssl=1 2x"},"classes":[]}],"post_mailing_queue_ids":[],"_links":{"self":[{"href":"https:\/\/www.ludothequericochet.fr\/index.php?rest_route=\/wp\/v2\/pages\/5257","targetHints":{"allow":["GET"]}}],"collection":[{"href":"https:\/\/www.ludothequericochet.fr\/index.php?rest_route=\/wp\/v2\/pages"}],"about":[{"href":"https:\/\/www.ludothequericochet.fr\/index.php?rest_route=\/wp\/v2\/types\/page"}],"author":[{"embeddable":true,"href":"https:\/\/www.ludothequericochet.fr\/index.php?rest_route=\/wp\/v2\/users\/1"}],"replies":[{"embeddable":true,"href":"https:\/\/www.ludothequericochet.fr\/index.php?rest_route=%2Fwp%2Fv2%2Fcomments&post=5257"}],"version-history":[{"count":3,"href":"https:\/\/www.ludothequericochet.fr\/index.php?rest_route=\/wp\/v2\/pages\/5257\/revisions"}],"predecessor-version":[{"id":5280,"href":"https:\/\/www.ludothequericochet.fr\/index.php?rest_route=\/wp\/v2\/pages\/5257\/revisions\/5280"}],"wp:attachment":[{"href":"https:\/\/www.ludothequericochet.fr\/index.php?rest_route=%2Fwp%2Fv2%2Fmedia&parent=5257"}],"curies":[{"name":"wp","href":"https:\/\/api.w.org\/{rel}","templated":true}]}}