{"id":5481,"date":"2019-07-02T06:55:55","date_gmt":"2019-07-02T05:55:55","guid":{"rendered":"http:\/\/www.ludothequericochet.fr\/?page_id=5481"},"modified":"2025-09-09T13:08:13","modified_gmt":"2025-09-09T12:08:13","slug":"plannings","status":"publish","type":"page","link":"https:\/\/www.ludothequericochet.fr\/?page_id=5481","title":{"rendered":"Accueil du public"},"content":{"rendered":"\t\t<div data-elementor-type=\"wp-page\" data-elementor-id=\"5481\" class=\"elementor elementor-5481\">\n\t\t\t\t\t\t<section class=\"elementor-section elementor-top-section elementor-element elementor-element-214f2a2 elementor-section-boxed elementor-section-height-default elementor-section-height-default\" data-id=\"214f2a2\" data-element_type=\"section\" data-e-type=\"section\">\n\t\t\t\t\t\t<div class=\"elementor-container elementor-column-gap-default\">\n\t\t\t\t\t<div class=\"elementor-column elementor-col-50 elementor-top-column elementor-element elementor-element-f96468f\" data-id=\"f96468f\" data-element_type=\"column\" data-e-type=\"column\">\n\t\t\t<div class=\"elementor-widget-wrap elementor-element-populated\">\n\t\t\t\t\t\t<div class=\"elementor-element elementor-element-2be94ff elementor-widget elementor-widget-text-editor\" data-id=\"2be94ff\" data-element_type=\"widget\" data-e-type=\"widget\" data-widget_type=\"text-editor.default\">\n\t\t\t\t<div class=\"elementor-widget-container\">\n\t\t\t\t\t\t\t\t\t<h4><strong><span style=\"color: #00ccff;\">Animations r\u00e9guli\u00e8res au local de la ludoth\u00e8que<\/span><\/strong><\/h4>\n<p><!-- \/wp:heading --><!-- wp:paragraph --><\/p>\n<p><!-- \/wp:paragraph --><!-- wp:paragraph {\"textColor\":\"vivid-red\"} --><\/p>\n<p><!-- \/wp:paragraph --><!-- wp:paragraph --><\/p>\n<p>\u2022 <a href=\"https:\/\/www.ludothequericochet.fr\/?page_id=3114\/#accueil04\" target=\"_blank\" rel=\"noopener\"><strong>Accueils 0-4 ans :<\/strong><\/a>\u00a0 le <strong>mardi de 9h00 \u00e0 12h00<\/strong><\/p>\n<p>\u2022 <a href=\"https:\/\/www.ludothequericochet.fr\/?page_id=3114\/#accueilATP\" target=\"_blank\" rel=\"noopener\"><strong>Accueils tous publics :<\/strong><\/a><\/p>\n<p>&#8211; le <strong>samedi de 9h00 \u00e0 12h00<\/strong>,\u00a0<\/p>\n<p>&#8211; le <strong>mardi de 9h00 \u00e0 12h00 pendant les vacances<\/strong> <strong>scolaires<\/strong>,<\/p>\n<p>&#8211; le <strong>mercredi de 14h00 \u00e0 18h00.<\/strong><\/p>\n<p>\u00a0<\/p>\n<h4><strong><span style=\"color: #00ccff;\">Ouverture au public pour les emprunts et retours de jeux<\/span><br \/><\/strong><\/h4>\n<p><!-- \/wp:heading --><!-- wp:paragraph --><\/p>\n<p><!-- \/wp:paragraph --><!-- wp:paragraph {\"textColor\":\"vivid-red\"} --><\/p>\n<p><!-- \/wp:paragraph --><!-- wp:paragraph --><\/p>\n<ul>\n<li>Le lundi de 13h30 \u00e0 17h (sur rendez-vous),<\/li>\n<li>Le mardi de 8h30 \u00e0 12h et de 13h30 \u00e0 17h (sur rendez-vous)<\/li>\n<li>Le mercredi de 9h \u00e0 11h30 (sur site, cf planning Accueils) et de 13h30 \u00e0 18h,<\/li>\n<li>Le jeudi de 8h30 \u00e0 12h et de 13h30 \u00e0 17h (sur rendez-vous),<\/li>\n<li>Le samedi de 8h30 \u00e0 12h.<\/li>\n<\/ul>\n<p><!-- \/wp:paragraph --><!-- wp:paragraph --><\/p>\n<p><em>Ces horaires peuvent varier en fonction de nos animations et de nos plannings, merci de nous contacter en amont.<\/em><\/p>\n<h4><strong><span style=\"color: #00ccff;\">Accueil du public occasionnel<\/span><\/strong><\/h4>\n<p>\u2022 <strong><a href=\"https:\/\/www.ludothequericochet.fr\/?page_id=3114\/#SJ\" target=\"_blank\" rel=\"noopener\">Soir\u00e9es jeux<\/a><\/strong><\/p>\n<p>\u2022 <strong><a href=\"https:\/\/www.ludothequericochet.fr\/?page_id=3114\/#anniversaire\" target=\"_blank\" rel=\"noopener\">Anniversaires<\/a><\/strong><\/p>\n<p>\u2022 <strong><a href=\"https:\/\/www.ludothequericochet.fr\/#planning-accueils\" target=\"_blank\" rel=\"noopener\">Accueils tous publics en itin\u00e9rance<\/a><\/strong><\/p>\t\t\t\t\t\t\t\t<\/div>\n\t\t\t\t<\/div>\n\t\t\t\t\t<\/div>\n\t\t<\/div>\n\t\t\t\t<div class=\"elementor-column elementor-col-50 elementor-top-column elementor-element elementor-element-0a561f7\" data-id=\"0a561f7\" data-element_type=\"column\" data-e-type=\"column\">\n\t\t\t<div class=\"elementor-widget-wrap elementor-element-populated\">\n\t\t\t\t\t\t<div class=\"elementor-element elementor-element-8e44d8f elementor-widget elementor-widget-text-editor\" data-id=\"8e44d8f\" data-element_type=\"widget\" data-e-type=\"widget\" data-widget_type=\"text-editor.default\">\n\t\t\t\t<div class=\"elementor-widget-container\">\n\t\t\t\t\t\t\t\t\t<p><!-- wp:heading --><!-- \/wp:paragraph --><!-- wp:paragraph --><!-- \/wp:paragraph --><!-- wp:heading --><\/p>\n<h4><strong><span style=\"color: #00ccff;\">Adresse du local<br \/><\/span><\/strong><\/h4>\n<p><strong>14 Avenue de Marin\u00e9o, 43600 Sainte-Sigol\u00e8ne<\/strong> (\u00e0 gauche de la salle polyvalente)<\/p>\n<h4><span style=\"color: #00ccff;\">Plan :<\/span><\/h4>\n<p><!-- \/wp:heading --><\/p>\n<p><!-- wp:heading {\"level\":4} --><\/p>\n<p><!-- \/wp:heading --><!-- wp:html --><\/p>\n<figure><iframe src=\"https:\/\/www.google.com\/maps\/embed?pb=!4v1544967824111!6m8!1m7!1sCYSH2EpH5g2DW4xJf__ceg!2m2!1d45.23894767857764!2d4.235969730979493!3f263.1897063570032!4f-10.387880108516384!5f0.7820865974627469\" width=\"600\" height=\"450\" allowfullscreen=\"allowfullscreen\" data-mce-fragment=\"1\"><\/iframe><\/figure>\n<p><!-- \/wp:html --><\/p>\t\t\t\t\t\t\t\t<\/div>\n\t\t\t\t<\/div>\n\t\t\t\t\t<\/div>\n\t\t<\/div>\n\t\t\t\t\t<\/div>\n\t\t<\/section>\n\t\t\t\t<section class=\"elementor-section elementor-top-section elementor-element elementor-element-752490d5 elementor-section-boxed elementor-section-height-default elementor-section-height-default\" data-id=\"752490d5\" data-element_type=\"section\" data-e-type=\"section\">\n\t\t\t\t\t\t<div class=\"elementor-container elementor-column-gap-default\">\n\t\t\t\t\t<div class=\"elementor-column elementor-col-100 elementor-top-column elementor-element elementor-element-28d07381\" data-id=\"28d07381\" data-element_type=\"column\" data-e-type=\"column\">\n\t\t\t<div class=\"elementor-widget-wrap elementor-element-populated\">\n\t\t\t\t\t\t\t<\/div>\n\t\t<\/div>\n\t\t\t\t\t<\/div>\n\t\t<\/section>\n\t\t\t\t<section class=\"elementor-section elementor-top-section elementor-element elementor-element-05bb96f elementor-section-boxed elementor-section-height-default elementor-section-height-default\" data-id=\"05bb96f\" data-element_type=\"section\" data-e-type=\"section\">\n\t\t\t\t\t\t<div class=\"elementor-container elementor-column-gap-default\">\n\t\t\t\t\t<div class=\"elementor-column elementor-col-100 elementor-top-column elementor-element elementor-element-584246d\" data-id=\"584246d\" data-element_type=\"column\" data-e-type=\"column\">\n\t\t\t<div class=\"elementor-widget-wrap elementor-element-populated\">\n\t\t\t\t\t\t<div class=\"elementor-element elementor-element-90bd0df elementor-invisible elementor-widget elementor-widget-text-editor\" data-id=\"90bd0df\" data-element_type=\"widget\" data-e-type=\"widget\" data-settings=\"{&quot;_animation&quot;:&quot;zoomIn&quot;}\" data-widget_type=\"text-editor.default\">\n\t\t\t\t<div class=\"elementor-widget-container\">\n\t\t\t\t\t\t\t\t\t<h4><img fetchpriority=\"high\" decoding=\"async\" data-attachment-id=\"7182\" data-permalink=\"https:\/\/www.ludothequericochet.fr\/?attachment_id=7182\" data-orig-file=\"https:\/\/i0.wp.com\/www.ludothequericochet.fr\/wp-content\/uploads\/2020\/07\/plage.jpg?fit=640%2C438&amp;ssl=1\" data-orig-size=\"640,438\" data-comments-opened=\"0\" data-image-meta=\"{&quot;aperture&quot;:&quot;8&quot;,&quot;credit&quot;:&quot;&quot;,&quot;camera&quot;:&quot;COOLPIX A1000&quot;,&quot;caption&quot;:&quot;&quot;,&quot;created_timestamp&quot;:&quot;0&quot;,&quot;copyright&quot;:&quot;&quot;,&quot;focal_length&quot;:&quot;4.3&quot;,&quot;iso&quot;:&quot;100&quot;,&quot;shutter_speed&quot;:&quot;0.0025&quot;,&quot;title&quot;:&quot;&quot;,&quot;orientation&quot;:&quot;0&quot;}\" data-image-title=\"plage\" data-image-description=\"\" data-image-caption=\"\" data-large-file=\"https:\/\/i0.wp.com\/www.ludothequericochet.fr\/wp-content\/uploads\/2020\/07\/plage.jpg?fit=640%2C438&amp;ssl=1\" data-recalc-dims=\"1\" class=\"alignright wp-image-7182\" src=\"https:\/\/i0.wp.com\/www.ludothequericochet.fr\/wp-content\/uploads\/2020\/07\/plage.jpg?resize=292%2C200\" alt=\"\" width=\"292\" height=\"200\" srcset=\"https:\/\/i0.wp.com\/www.ludothequericochet.fr\/wp-content\/uploads\/2020\/07\/plage.jpg?w=640&amp;ssl=1 640w, https:\/\/i0.wp.com\/www.ludothequericochet.fr\/wp-content\/uploads\/2020\/07\/plage.jpg?resize=300%2C205&amp;ssl=1 300w\" sizes=\"(max-width: 292px) 100vw, 292px\" \/><\/h4>\n<h4><span style=\"color: #00ccff;\"><span style=\"color: #00ccff;\">FERMETURE ANNUELLE DE LA LUDOTH\u00c8QUE\u00a0:<\/span><\/span><\/h4>\n<h4>\u2022 2 semaines en ao\u00fbt,<br \/>\u2022 du 24 d\u00e9cembre au 2 janvier inclus.<\/h4>\n<p>\u00a0<\/p>\t\t\t\t\t\t\t\t<\/div>\n\t\t\t\t<\/div>\n\t\t\t\t\t<\/div>\n\t\t<\/div>\n\t\t\t\t\t<\/div>\n\t\t<\/section>\n\t\t\t\t<\/div>\n\t\t","protected":false},"excerpt":{"rendered":"<p>Animations r\u00e9guli\u00e8res au local de la ludoth\u00e8que \u2022 Accueils 0-4 ans :\u00a0 le mardi de 9h00 \u00e0 12h00 \u2022 Accueils tous publics : &#8211; le samedi de 9h00 \u00e0 12h00,\u00a0 &#8211; le mardi de 9h00 \u00e0 12h00 pendant les vacances scolaires, &#8211; le mercredi de 14h00 \u00e0 18h00. \u00a0 Ouverture au public pour les emprunts [&hellip;]<\/p>\n","protected":false},"author":1,"featured_media":0,"parent":20,"menu_order":0,"comment_status":"closed","ping_status":"closed","template":"","meta":{"ngg_post_thumbnail":0,"jetpack_post_was_ever_published":false,"footnotes":""},"class_list":["post-5481","page","type-page","status-publish","hentry"],"yoast_head":"<!-- This site is optimized with the Yoast SEO plugin v27.2 - https:\/\/yoast.com\/product\/yoast-seo-wordpress\/ -->\n<title>Accueil du public - Ludoth\u00e8que itin\u00e9rante Ricochet<\/title>\n<meta name=\"description\" content=\"La ludoth\u00e8que vous accueille au local de la ludoth\u00e8que \u00e0 Sainte-Sigol\u00e8ne ou une fois par mois dans les communes suivantes : Les Villettes, Monistrol, Bas en Basset et Beauzac.\" \/>\n<meta name=\"robots\" content=\"index, follow, max-snippet:-1, max-image-preview:large, max-video-preview:-1\" \/>\n<link rel=\"canonical\" href=\"https:\/\/www.ludothequericochet.fr\/?page_id=5481\" \/>\n<meta property=\"og:locale\" content=\"fr_FR\" \/>\n<meta property=\"og:type\" content=\"article\" \/>\n<meta property=\"og:title\" content=\"Accueil du public - Ludoth\u00e8que itin\u00e9rante Ricochet\" \/>\n<meta property=\"og:description\" content=\"La ludoth\u00e8que vous accueille au local de la ludoth\u00e8que \u00e0 Sainte-Sigol\u00e8ne ou une fois par mois dans les communes suivantes : Les Villettes, Monistrol, Bas en Basset et Beauzac.\" \/>\n<meta property=\"og:url\" content=\"https:\/\/www.ludothequericochet.fr\/?page_id=5481\" \/>\n<meta property=\"og:site_name\" content=\"Ludoth\u00e8que itin\u00e9rante Ricochet\" \/>\n<meta property=\"article:publisher\" content=\"https:\/\/www.facebook.com\/ludo.ricochet\/\" \/>\n<meta property=\"article:modified_time\" content=\"2025-09-09T12:08:13+00:00\" \/>\n<meta property=\"og:image\" content=\"http:\/\/www.ludothequericochet.fr\/wp-content\/uploads\/2020\/07\/plage.jpg\" \/>\n<meta name=\"twitter:card\" content=\"summary_large_image\" \/>\n<meta name=\"twitter:label1\" content=\"Dur\u00e9e de lecture estim\u00e9e\" \/>\n\t<meta name=\"twitter:data1\" content=\"2 minutes\" \/>\n<script type=\"application\/ld+json\" class=\"yoast-schema-graph\">{\"@context\":\"https:\/\/schema.org\",\"@graph\":[{\"@type\":\"WebPage\",\"@id\":\"https:\/\/www.ludothequericochet.fr\/?page_id=5481\",\"url\":\"https:\/\/www.ludothequericochet.fr\/?page_id=5481\",\"name\":\"Accueil du public - Ludoth\u00e8que itin\u00e9rante Ricochet\",\"isPartOf\":{\"@id\":\"https:\/\/www.ludothequericochet.fr\/#website\"},\"primaryImageOfPage\":{\"@id\":\"https:\/\/www.ludothequericochet.fr\/?page_id=5481#primaryimage\"},\"image\":{\"@id\":\"https:\/\/www.ludothequericochet.fr\/?page_id=5481#primaryimage\"},\"thumbnailUrl\":\"http:\/\/www.ludothequericochet.fr\/wp-content\/uploads\/2020\/07\/plage.jpg\",\"datePublished\":\"2019-07-02T05:55:55+00:00\",\"dateModified\":\"2025-09-09T12:08:13+00:00\",\"description\":\"La ludoth\u00e8que vous accueille au local de la ludoth\u00e8que \u00e0 Sainte-Sigol\u00e8ne ou une fois par mois dans les communes suivantes : Les Villettes, Monistrol, Bas en Basset et Beauzac.\",\"breadcrumb\":{\"@id\":\"https:\/\/www.ludothequericochet.fr\/?page_id=5481#breadcrumb\"},\"inLanguage\":\"fr-FR\",\"potentialAction\":[{\"@type\":\"ReadAction\",\"target\":[\"https:\/\/www.ludothequericochet.fr\/?page_id=5481\"]}]},{\"@type\":\"ImageObject\",\"inLanguage\":\"fr-FR\",\"@id\":\"https:\/\/www.ludothequericochet.fr\/?page_id=5481#primaryimage\",\"url\":\"http:\/\/www.ludothequericochet.fr\/wp-content\/uploads\/2020\/07\/plage.jpg\",\"contentUrl\":\"http:\/\/www.ludothequericochet.fr\/wp-content\/uploads\/2020\/07\/plage.jpg\"},{\"@type\":\"BreadcrumbList\",\"@id\":\"https:\/\/www.ludothequericochet.fr\/?page_id=5481#breadcrumb\",\"itemListElement\":[{\"@type\":\"ListItem\",\"position\":1,\"name\":\"Home\",\"item\":\"https:\/\/www.ludothequericochet.fr\/\"},{\"@type\":\"ListItem\",\"position\":2,\"name\":\"L&rsquo;association\",\"item\":\"https:\/\/www.ludothequericochet.fr\/?page_id=20\"},{\"@type\":\"ListItem\",\"position\":3,\"name\":\"Accueil du public\"}]},{\"@type\":\"WebSite\",\"@id\":\"https:\/\/www.ludothequericochet.fr\/#website\",\"url\":\"https:\/\/www.ludothequericochet.fr\/\",\"name\":\"Ludoth\u00e8que itin\u00e9rante Ricochet\",\"description\":\"La ludoth\u00e8que itin\u00e9rante des Marches du Velay Rochebaron\",\"publisher\":{\"@id\":\"https:\/\/www.ludothequericochet.fr\/#organization\"},\"potentialAction\":[{\"@type\":\"SearchAction\",\"target\":{\"@type\":\"EntryPoint\",\"urlTemplate\":\"https:\/\/www.ludothequericochet.fr\/?s={search_term_string}\"},\"query-input\":{\"@type\":\"PropertyValueSpecification\",\"valueRequired\":true,\"valueName\":\"search_term_string\"}}],\"inLanguage\":\"fr-FR\"},{\"@type\":\"Organization\",\"@id\":\"https:\/\/www.ludothequericochet.fr\/#organization\",\"name\":\"Ludoth\u00e8que itin\u00e9rante Ricochet\",\"url\":\"https:\/\/www.ludothequericochet.fr\/\",\"logo\":{\"@type\":\"ImageObject\",\"inLanguage\":\"fr-FR\",\"@id\":\"https:\/\/www.ludothequericochet.fr\/#\/schema\/logo\/image\/\",\"url\":\"https:\/\/i0.wp.com\/www.ludothequericochet.fr\/wp-content\/uploads\/2020\/04\/logo_ricochet.png?fit=1090%2C770&ssl=1\",\"contentUrl\":\"https:\/\/i0.wp.com\/www.ludothequericochet.fr\/wp-content\/uploads\/2020\/04\/logo_ricochet.png?fit=1090%2C770&ssl=1\",\"width\":1090,\"height\":770,\"caption\":\"Ludoth\u00e8que itin\u00e9rante Ricochet\"},\"image\":{\"@id\":\"https:\/\/www.ludothequericochet.fr\/#\/schema\/logo\/image\/\"},\"sameAs\":[\"https:\/\/www.facebook.com\/ludo.ricochet\/\"]}]}<\/script>\n<!-- \/ Yoast SEO plugin. -->","yoast_head_json":{"title":"Accueil du public - Ludoth\u00e8que itin\u00e9rante Ricochet","description":"La ludoth\u00e8que vous accueille au local de la ludoth\u00e8que \u00e0 Sainte-Sigol\u00e8ne ou une fois par mois dans les communes suivantes : Les Villettes, Monistrol, Bas en Basset et Beauzac.","robots":{"index":"index","follow":"follow","max-snippet":"max-snippet:-1","max-image-preview":"max-image-preview:large","max-video-preview":"max-video-preview:-1"},"canonical":"https:\/\/www.ludothequericochet.fr\/?page_id=5481","og_locale":"fr_FR","og_type":"article","og_title":"Accueil du public - Ludoth\u00e8que itin\u00e9rante Ricochet","og_description":"La ludoth\u00e8que vous accueille au local de la ludoth\u00e8que \u00e0 Sainte-Sigol\u00e8ne ou une fois par mois dans les communes suivantes : Les Villettes, Monistrol, Bas en Basset et Beauzac.","og_url":"https:\/\/www.ludothequericochet.fr\/?page_id=5481","og_site_name":"Ludoth\u00e8que itin\u00e9rante Ricochet","article_publisher":"https:\/\/www.facebook.com\/ludo.ricochet\/","article_modified_time":"2025-09-09T12:08:13+00:00","og_image":[{"url":"http:\/\/www.ludothequericochet.fr\/wp-content\/uploads\/2020\/07\/plage.jpg","type":"","width":"","height":""}],"twitter_card":"summary_large_image","twitter_misc":{"Dur\u00e9e de lecture estim\u00e9e":"2 minutes"},"schema":{"@context":"https:\/\/schema.org","@graph":[{"@type":"WebPage","@id":"https:\/\/www.ludothequericochet.fr\/?page_id=5481","url":"https:\/\/www.ludothequericochet.fr\/?page_id=5481","name":"Accueil du public - Ludoth\u00e8que itin\u00e9rante Ricochet","isPartOf":{"@id":"https:\/\/www.ludothequericochet.fr\/#website"},"primaryImageOfPage":{"@id":"https:\/\/www.ludothequericochet.fr\/?page_id=5481#primaryimage"},"image":{"@id":"https:\/\/www.ludothequericochet.fr\/?page_id=5481#primaryimage"},"thumbnailUrl":"http:\/\/www.ludothequericochet.fr\/wp-content\/uploads\/2020\/07\/plage.jpg","datePublished":"2019-07-02T05:55:55+00:00","dateModified":"2025-09-09T12:08:13+00:00","description":"La ludoth\u00e8que vous accueille au local de la ludoth\u00e8que \u00e0 Sainte-Sigol\u00e8ne ou une fois par mois dans les communes suivantes : Les Villettes, Monistrol, Bas en Basset et Beauzac.","breadcrumb":{"@id":"https:\/\/www.ludothequericochet.fr\/?page_id=5481#breadcrumb"},"inLanguage":"fr-FR","potentialAction":[{"@type":"ReadAction","target":["https:\/\/www.ludothequericochet.fr\/?page_id=5481"]}]},{"@type":"ImageObject","inLanguage":"fr-FR","@id":"https:\/\/www.ludothequericochet.fr\/?page_id=5481#primaryimage","url":"http:\/\/www.ludothequericochet.fr\/wp-content\/uploads\/2020\/07\/plage.jpg","contentUrl":"http:\/\/www.ludothequericochet.fr\/wp-content\/uploads\/2020\/07\/plage.jpg"},{"@type":"BreadcrumbList","@id":"https:\/\/www.ludothequericochet.fr\/?page_id=5481#breadcrumb","itemListElement":[{"@type":"ListItem","position":1,"name":"Home","item":"https:\/\/www.ludothequericochet.fr\/"},{"@type":"ListItem","position":2,"name":"L&rsquo;association","item":"https:\/\/www.ludothequericochet.fr\/?page_id=20"},{"@type":"ListItem","position":3,"name":"Accueil du public"}]},{"@type":"WebSite","@id":"https:\/\/www.ludothequericochet.fr\/#website","url":"https:\/\/www.ludothequericochet.fr\/","name":"Ludoth\u00e8que itin\u00e9rante Ricochet","description":"La ludoth\u00e8que itin\u00e9rante des Marches du Velay Rochebaron","publisher":{"@id":"https:\/\/www.ludothequericochet.fr\/#organization"},"potentialAction":[{"@type":"SearchAction","target":{"@type":"EntryPoint","urlTemplate":"https:\/\/www.ludothequericochet.fr\/?s={search_term_string}"},"query-input":{"@type":"PropertyValueSpecification","valueRequired":true,"valueName":"search_term_string"}}],"inLanguage":"fr-FR"},{"@type":"Organization","@id":"https:\/\/www.ludothequericochet.fr\/#organization","name":"Ludoth\u00e8que itin\u00e9rante Ricochet","url":"https:\/\/www.ludothequericochet.fr\/","logo":{"@type":"ImageObject","inLanguage":"fr-FR","@id":"https:\/\/www.ludothequericochet.fr\/#\/schema\/logo\/image\/","url":"https:\/\/i0.wp.com\/www.ludothequericochet.fr\/wp-content\/uploads\/2020\/04\/logo_ricochet.png?fit=1090%2C770&ssl=1","contentUrl":"https:\/\/i0.wp.com\/www.ludothequericochet.fr\/wp-content\/uploads\/2020\/04\/logo_ricochet.png?fit=1090%2C770&ssl=1","width":1090,"height":770,"caption":"Ludoth\u00e8que itin\u00e9rante Ricochet"},"image":{"@id":"https:\/\/www.ludothequericochet.fr\/#\/schema\/logo\/image\/"},"sameAs":["https:\/\/www.facebook.com\/ludo.ricochet\/"]}]}},"jetpack_sharing_enabled":true,"jetpack_likes_enabled":false,"jetpack-related-posts":[{"id":8726,"url":"https:\/\/www.ludothequericochet.fr\/?page_id=8726","url_meta":{"origin":5481,"position":0},"title":"Inscription aux accueils au local","author":"ricochetwp","date":"15 juin 2021","format":false,"excerpt":"Les accueils au local de la ludoth\u00e8que reprennent! Retrouvez-nous : le mardi matin et samedi matin de 9h30 \u00e0 11h30 (selon le planning des accueils communiqu\u00e9) \u00e0 l'occasion des accueils tous publics et\u00a0 0-4 ans \u00a0 Afin de respecter les jauges sanitaires, merci de vous inscrire gr\u00e2ce au formulaire ci-contre\u2026","rel":"","context":"Article similaire","block_context":{"text":"Article similaire","link":""},"img":{"alt_text":"","src":"https:\/\/i0.wp.com\/www.ludothequericochet.fr\/wp-content\/uploads\/2020\/08\/jeux_aout_2020.png?resize=350%2C200&ssl=1","width":350,"height":200,"srcset":"https:\/\/i0.wp.com\/www.ludothequericochet.fr\/wp-content\/uploads\/2020\/08\/jeux_aout_2020.png?resize=350%2C200&ssl=1 1x, https:\/\/i0.wp.com\/www.ludothequericochet.fr\/wp-content\/uploads\/2020\/08\/jeux_aout_2020.png?resize=525%2C300&ssl=1 1.5x, https:\/\/i0.wp.com\/www.ludothequericochet.fr\/wp-content\/uploads\/2020\/08\/jeux_aout_2020.png?resize=700%2C400&ssl=1 2x, https:\/\/i0.wp.com\/www.ludothequericochet.fr\/wp-content\/uploads\/2020\/08\/jeux_aout_2020.png?resize=1050%2C600&ssl=1 3x"},"classes":[]},{"id":6104,"url":"https:\/\/www.ludothequericochet.fr\/?page_id=6104","url_meta":{"origin":5481,"position":1},"title":"Front Page","author":"ricochetwp","date":"24 avril 2020","format":false,"excerpt":"Accueil du public De l\u2019enfance \u00e0 la personne \u00e2g\u00e9e. AnimationsPour les structures. Location de jeuxPour les particuliers et les structures. Plus de services\u2026 Autres prestations autour du jeu 3 000 JEUX 458 ADHERENTS 1 033 USAGERS Actualit\u00e9s r\u00e9centes S\u2019abonner aux publications [one_page_express_latest_news] Voir toutes les actualit\u00e9s Comment nous trouver? Planning\u2026","rel":"","context":"Article similaire","block_context":{"text":"Article similaire","link":""},"img":{"alt_text":"","src":"https:\/\/i0.wp.com\/ludothequericochet.fr\/wp-content\/uploads\/2020\/04\/monde.jpg?w=3840&resize=350%2C200","width":350,"height":200},"classes":[]},{"id":22,"url":"https:\/\/www.ludothequericochet.fr\/?page_id=22","url_meta":{"origin":5481,"position":2},"title":"Albums photo","author":"ricochetwp","date":"18 novembre 2014","format":false,"excerpt":"\u00a0 F\u00eate du jeu 2017 : [metaslider id=3527] \u00a0 \u00a0 Accueils tout public : [metaslider id=3534] [metaslider id=3572] \u00a0 F\u00eate du jeu 2016 : [metaslider id=3563] \u00a0 \u00a0 \u00a0 \u00a0 \u00a0 \u00a0 \u00a0 \u00a0 \u00a0 \u00a0 \u00a0 \u00a0 \u00a0 \u00a0","rel":"","context":"Article similaire","block_context":{"text":"Article similaire","link":""},"img":{"alt_text":"","src":"https:\/\/i0.wp.com\/www.ludothequericochet.fr\/wp-content\/uploads\/2017\/06\/DSC_0425-Copie.jpg?fit=1200%2C800&ssl=1&resize=350%2C200","width":350,"height":200,"srcset":"https:\/\/i0.wp.com\/www.ludothequericochet.fr\/wp-content\/uploads\/2017\/06\/DSC_0425-Copie.jpg?fit=1200%2C800&ssl=1&resize=350%2C200 1x, https:\/\/i0.wp.com\/www.ludothequericochet.fr\/wp-content\/uploads\/2017\/06\/DSC_0425-Copie.jpg?fit=1200%2C800&ssl=1&resize=525%2C300 1.5x, https:\/\/i0.wp.com\/www.ludothequericochet.fr\/wp-content\/uploads\/2017\/06\/DSC_0425-Copie.jpg?fit=1200%2C800&ssl=1&resize=700%2C400 2x, https:\/\/i0.wp.com\/www.ludothequericochet.fr\/wp-content\/uploads\/2017\/06\/DSC_0425-Copie.jpg?fit=1200%2C800&ssl=1&resize=1050%2C600 3x"},"classes":[]},{"id":3114,"url":"https:\/\/www.ludothequericochet.fr\/?page_id=3114","url_meta":{"origin":5481,"position":3},"title":"Animations pour les particulier","author":"ricochetwp","date":"29 mai 2017","format":false,"excerpt":"De l'enfance \u00e0 la personne \u00e2g\u00e9e.","rel":"","context":"Article similaire","block_context":{"text":"Article similaire","link":""},"img":{"alt_text":"","src":"https:\/\/i0.wp.com\/www.ludothequericochet.fr\/wp-content\/uploads\/2017\/06\/20170621_152626.jpg?fit=1200%2C675&ssl=1&resize=350%2C200","width":350,"height":200,"srcset":"https:\/\/i0.wp.com\/www.ludothequericochet.fr\/wp-content\/uploads\/2017\/06\/20170621_152626.jpg?fit=1200%2C675&ssl=1&resize=350%2C200 1x, https:\/\/i0.wp.com\/www.ludothequericochet.fr\/wp-content\/uploads\/2017\/06\/20170621_152626.jpg?fit=1200%2C675&ssl=1&resize=525%2C300 1.5x, https:\/\/i0.wp.com\/www.ludothequericochet.fr\/wp-content\/uploads\/2017\/06\/20170621_152626.jpg?fit=1200%2C675&ssl=1&resize=700%2C400 2x, https:\/\/i0.wp.com\/www.ludothequericochet.fr\/wp-content\/uploads\/2017\/06\/20170621_152626.jpg?fit=1200%2C675&ssl=1&resize=1050%2C600 3x"},"classes":[]},{"id":6343,"url":"https:\/\/www.ludothequericochet.fr\/?page_id=6343","url_meta":{"origin":5481,"position":4},"title":"Album des animations et accueils","author":"ricochetwp","date":"26 avril 2020","format":false,"excerpt":"","rel":"","context":"Article similaire","block_context":{"text":"Article similaire","link":""},"img":{"alt_text":"","src":"","width":0,"height":0},"classes":[]},{"id":3112,"url":"https:\/\/www.ludothequericochet.fr\/?page_id=3112","url_meta":{"origin":5481,"position":5},"title":"Animations pour les structures","author":"ricochetwp","date":"29 mai 2017","format":false,"excerpt":"Pour les structures.","rel":"","context":"Article similaire","block_context":{"text":"Article similaire","link":""},"img":{"alt_text":"","src":"https:\/\/i0.wp.com\/www.ludothequericochet.fr\/wp-content\/uploads\/2019\/07\/camion-1-1024x497.jpg?resize=350%2C200&ssl=1","width":350,"height":200,"srcset":"https:\/\/i0.wp.com\/www.ludothequericochet.fr\/wp-content\/uploads\/2019\/07\/camion-1-1024x497.jpg?resize=350%2C200&ssl=1 1x, https:\/\/i0.wp.com\/www.ludothequericochet.fr\/wp-content\/uploads\/2019\/07\/camion-1-1024x497.jpg?resize=525%2C300&ssl=1 1.5x, https:\/\/i0.wp.com\/www.ludothequericochet.fr\/wp-content\/uploads\/2019\/07\/camion-1-1024x497.jpg?resize=700%2C400&ssl=1 2x"},"classes":[]}],"post_mailing_queue_ids":[],"_links":{"self":[{"href":"https:\/\/www.ludothequericochet.fr\/index.php?rest_route=\/wp\/v2\/pages\/5481","targetHints":{"allow":["GET"]}}],"collection":[{"href":"https:\/\/www.ludothequericochet.fr\/index.php?rest_route=\/wp\/v2\/pages"}],"about":[{"href":"https:\/\/www.ludothequericochet.fr\/index.php?rest_route=\/wp\/v2\/types\/page"}],"author":[{"embeddable":true,"href":"https:\/\/www.ludothequericochet.fr\/index.php?rest_route=\/wp\/v2\/users\/1"}],"replies":[{"embeddable":true,"href":"https:\/\/www.ludothequericochet.fr\/index.php?rest_route=%2Fwp%2Fv2%2Fcomments&post=5481"}],"version-history":[{"count":108,"href":"https:\/\/www.ludothequericochet.fr\/index.php?rest_route=\/wp\/v2\/pages\/5481\/revisions"}],"predecessor-version":[{"id":16187,"href":"https:\/\/www.ludothequericochet.fr\/index.php?rest_route=\/wp\/v2\/pages\/5481\/revisions\/16187"}],"up":[{"embeddable":true,"href":"https:\/\/www.ludothequericochet.fr\/index.php?rest_route=\/wp\/v2\/pages\/20"}],"wp:attachment":[{"href":"https:\/\/www.ludothequericochet.fr\/index.php?rest_route=%2Fwp%2Fv2%2Fmedia&parent=5481"}],"curies":[{"name":"wp","href":"https:\/\/api.w.org\/{rel}","templated":true}]}}