{"id":6524,"date":"2020-04-26T17:18:07","date_gmt":"2020-04-26T16:18:07","guid":{"rendered":"http:\/\/www.ludothequericochet.fr\/?page_id=6524"},"modified":"2022-09-24T15:06:20","modified_gmt":"2022-09-24T14:06:20","slug":"album-des-animations","status":"publish","type":"page","link":"https:\/\/www.ludothequericochet.fr\/?page_id=6524","title":{"rendered":"Album des f\u00eates du jeu"},"content":{"rendered":"\nngg_shortcode_0_placeholder\n","protected":false},"excerpt":{"rendered":"","protected":false},"author":1,"featured_media":0,"parent":0,"menu_order":0,"comment_status":"closed","ping_status":"closed","template":"","meta":{"ngg_post_thumbnail":0,"jetpack_post_was_ever_published":false,"footnotes":""},"class_list":["post-6524","page","type-page","status-publish","hentry"],"yoast_head":"<!-- This site is optimized with the Yoast SEO plugin v27.2 - https:\/\/yoast.com\/product\/yoast-seo-wordpress\/ -->\n<title>Album des f\u00eates du jeu - Ludoth\u00e8que itin\u00e9rante Ricochet<\/title>\n<meta name=\"robots\" content=\"index, follow, max-snippet:-1, max-image-preview:large, max-video-preview:-1\" \/>\n<link rel=\"canonical\" href=\"https:\/\/www.ludothequericochet.fr\/?page_id=6524\" \/>\n<meta property=\"og:locale\" content=\"fr_FR\" \/>\n<meta property=\"og:type\" content=\"article\" \/>\n<meta property=\"og:title\" content=\"Album des f\u00eates du jeu - Ludoth\u00e8que itin\u00e9rante Ricochet\" \/>\n<meta property=\"og:url\" content=\"https:\/\/www.ludothequericochet.fr\/?page_id=6524\" \/>\n<meta property=\"og:site_name\" content=\"Ludoth\u00e8que itin\u00e9rante Ricochet\" \/>\n<meta property=\"article:publisher\" content=\"https:\/\/www.facebook.com\/ludo.ricochet\/\" \/>\n<meta property=\"article:modified_time\" content=\"2022-09-24T14:06:20+00:00\" \/>\n<meta name=\"twitter:card\" content=\"summary_large_image\" \/>\n<script type=\"application\/ld+json\" class=\"yoast-schema-graph\">{\"@context\":\"https:\/\/schema.org\",\"@graph\":[{\"@type\":\"WebPage\",\"@id\":\"https:\/\/www.ludothequericochet.fr\/?page_id=6524\",\"url\":\"https:\/\/www.ludothequericochet.fr\/?page_id=6524\",\"name\":\"Album des f\u00eates du jeu - Ludoth\u00e8que itin\u00e9rante Ricochet\",\"isPartOf\":{\"@id\":\"https:\/\/www.ludothequericochet.fr\/#website\"},\"datePublished\":\"2020-04-26T16:18:07+00:00\",\"dateModified\":\"2022-09-24T14:06:20+00:00\",\"breadcrumb\":{\"@id\":\"https:\/\/www.ludothequericochet.fr\/?page_id=6524#breadcrumb\"},\"inLanguage\":\"fr-FR\",\"potentialAction\":[{\"@type\":\"ReadAction\",\"target\":[\"https:\/\/www.ludothequericochet.fr\/?page_id=6524\"]}]},{\"@type\":\"BreadcrumbList\",\"@id\":\"https:\/\/www.ludothequericochet.fr\/?page_id=6524#breadcrumb\",\"itemListElement\":[{\"@type\":\"ListItem\",\"position\":1,\"name\":\"Home\",\"item\":\"https:\/\/www.ludothequericochet.fr\/\"},{\"@type\":\"ListItem\",\"position\":2,\"name\":\"Album des f\u00eates du jeu\"}]},{\"@type\":\"WebSite\",\"@id\":\"https:\/\/www.ludothequericochet.fr\/#website\",\"url\":\"https:\/\/www.ludothequericochet.fr\/\",\"name\":\"Ludoth\u00e8que itin\u00e9rante Ricochet\",\"description\":\"La ludoth\u00e8que itin\u00e9rante des Marches du Velay Rochebaron\",\"publisher\":{\"@id\":\"https:\/\/www.ludothequericochet.fr\/#organization\"},\"potentialAction\":[{\"@type\":\"SearchAction\",\"target\":{\"@type\":\"EntryPoint\",\"urlTemplate\":\"https:\/\/www.ludothequericochet.fr\/?s={search_term_string}\"},\"query-input\":{\"@type\":\"PropertyValueSpecification\",\"valueRequired\":true,\"valueName\":\"search_term_string\"}}],\"inLanguage\":\"fr-FR\"},{\"@type\":\"Organization\",\"@id\":\"https:\/\/www.ludothequericochet.fr\/#organization\",\"name\":\"Ludoth\u00e8que itin\u00e9rante Ricochet\",\"url\":\"https:\/\/www.ludothequericochet.fr\/\",\"logo\":{\"@type\":\"ImageObject\",\"inLanguage\":\"fr-FR\",\"@id\":\"https:\/\/www.ludothequericochet.fr\/#\/schema\/logo\/image\/\",\"url\":\"https:\/\/i0.wp.com\/www.ludothequericochet.fr\/wp-content\/uploads\/2020\/04\/logo_ricochet.png?fit=1090%2C770&ssl=1\",\"contentUrl\":\"https:\/\/i0.wp.com\/www.ludothequericochet.fr\/wp-content\/uploads\/2020\/04\/logo_ricochet.png?fit=1090%2C770&ssl=1\",\"width\":1090,\"height\":770,\"caption\":\"Ludoth\u00e8que itin\u00e9rante Ricochet\"},\"image\":{\"@id\":\"https:\/\/www.ludothequericochet.fr\/#\/schema\/logo\/image\/\"},\"sameAs\":[\"https:\/\/www.facebook.com\/ludo.ricochet\/\"]}]}<\/script>\n<!-- \/ Yoast SEO plugin. -->","yoast_head_json":{"title":"Album des f\u00eates du jeu - Ludoth\u00e8que itin\u00e9rante Ricochet","robots":{"index":"index","follow":"follow","max-snippet":"max-snippet:-1","max-image-preview":"max-image-preview:large","max-video-preview":"max-video-preview:-1"},"canonical":"https:\/\/www.ludothequericochet.fr\/?page_id=6524","og_locale":"fr_FR","og_type":"article","og_title":"Album des f\u00eates du jeu - Ludoth\u00e8que itin\u00e9rante Ricochet","og_url":"https:\/\/www.ludothequericochet.fr\/?page_id=6524","og_site_name":"Ludoth\u00e8que itin\u00e9rante Ricochet","article_publisher":"https:\/\/www.facebook.com\/ludo.ricochet\/","article_modified_time":"2022-09-24T14:06:20+00:00","twitter_card":"summary_large_image","schema":{"@context":"https:\/\/schema.org","@graph":[{"@type":"WebPage","@id":"https:\/\/www.ludothequericochet.fr\/?page_id=6524","url":"https:\/\/www.ludothequericochet.fr\/?page_id=6524","name":"Album des f\u00eates du jeu - Ludoth\u00e8que itin\u00e9rante Ricochet","isPartOf":{"@id":"https:\/\/www.ludothequericochet.fr\/#website"},"datePublished":"2020-04-26T16:18:07+00:00","dateModified":"2022-09-24T14:06:20+00:00","breadcrumb":{"@id":"https:\/\/www.ludothequericochet.fr\/?page_id=6524#breadcrumb"},"inLanguage":"fr-FR","potentialAction":[{"@type":"ReadAction","target":["https:\/\/www.ludothequericochet.fr\/?page_id=6524"]}]},{"@type":"BreadcrumbList","@id":"https:\/\/www.ludothequericochet.fr\/?page_id=6524#breadcrumb","itemListElement":[{"@type":"ListItem","position":1,"name":"Home","item":"https:\/\/www.ludothequericochet.fr\/"},{"@type":"ListItem","position":2,"name":"Album des f\u00eates du jeu"}]},{"@type":"WebSite","@id":"https:\/\/www.ludothequericochet.fr\/#website","url":"https:\/\/www.ludothequericochet.fr\/","name":"Ludoth\u00e8que itin\u00e9rante Ricochet","description":"La ludoth\u00e8que itin\u00e9rante des Marches du Velay Rochebaron","publisher":{"@id":"https:\/\/www.ludothequericochet.fr\/#organization"},"potentialAction":[{"@type":"SearchAction","target":{"@type":"EntryPoint","urlTemplate":"https:\/\/www.ludothequericochet.fr\/?s={search_term_string}"},"query-input":{"@type":"PropertyValueSpecification","valueRequired":true,"valueName":"search_term_string"}}],"inLanguage":"fr-FR"},{"@type":"Organization","@id":"https:\/\/www.ludothequericochet.fr\/#organization","name":"Ludoth\u00e8que itin\u00e9rante Ricochet","url":"https:\/\/www.ludothequericochet.fr\/","logo":{"@type":"ImageObject","inLanguage":"fr-FR","@id":"https:\/\/www.ludothequericochet.fr\/#\/schema\/logo\/image\/","url":"https:\/\/i0.wp.com\/www.ludothequericochet.fr\/wp-content\/uploads\/2020\/04\/logo_ricochet.png?fit=1090%2C770&ssl=1","contentUrl":"https:\/\/i0.wp.com\/www.ludothequericochet.fr\/wp-content\/uploads\/2020\/04\/logo_ricochet.png?fit=1090%2C770&ssl=1","width":1090,"height":770,"caption":"Ludoth\u00e8que itin\u00e9rante Ricochet"},"image":{"@id":"https:\/\/www.ludothequericochet.fr\/#\/schema\/logo\/image\/"},"sameAs":["https:\/\/www.facebook.com\/ludo.ricochet\/"]}]}},"jetpack_sharing_enabled":true,"jetpack_likes_enabled":false,"jetpack-related-posts":[{"id":6527,"url":"https:\/\/www.ludothequericochet.fr\/?page_id=6527","url_meta":{"origin":6524,"position":0},"title":"Album des EHPAD","author":"ricochetwp","date":"26 avril 2020","format":false,"excerpt":"","rel":"","context":"Article similaire","block_context":{"text":"Article similaire","link":""},"img":{"alt_text":"","src":"","width":0,"height":0},"classes":[]},{"id":6343,"url":"https:\/\/www.ludothequericochet.fr\/?page_id=6343","url_meta":{"origin":6524,"position":1},"title":"Album des animations et accueils","author":"ricochetwp","date":"26 avril 2020","format":false,"excerpt":"","rel":"","context":"Article similaire","block_context":{"text":"Article similaire","link":""},"img":{"alt_text":"","src":"","width":0,"height":0},"classes":[]},{"id":6535,"url":"https:\/\/www.ludothequericochet.fr\/?page_id=6535","url_meta":{"origin":6524,"position":2},"title":"Album des soir\u00e9es jeux","author":"ricochetwp","date":"26 avril 2020","format":false,"excerpt":"","rel":"","context":"Article similaire","block_context":{"text":"Article similaire","link":""},"img":{"alt_text":"","src":"","width":0,"height":0},"classes":[]},{"id":6536,"url":"https:\/\/www.ludothequericochet.fr\/?page_id=6536","url_meta":{"origin":6524,"position":3},"title":"Album des Escape \/ Murder","author":"ricochetwp","date":"26 avril 2020","format":false,"excerpt":"","rel":"","context":"Article similaire","block_context":{"text":"Article similaire","link":""},"img":{"alt_text":"","src":"","width":0,"height":0},"classes":[]},{"id":6530,"url":"https:\/\/www.ludothequericochet.fr\/?page_id=6530","url_meta":{"origin":6524,"position":4},"title":"Album de nos locaux","author":"ricochetwp","date":"26 avril 2020","format":false,"excerpt":"","rel":"","context":"Article similaire","block_context":{"text":"Article similaire","link":""},"img":{"alt_text":"","src":"","width":0,"height":0},"classes":[]},{"id":3112,"url":"https:\/\/www.ludothequericochet.fr\/?page_id=3112","url_meta":{"origin":6524,"position":5},"title":"Animations pour les structures","author":"ricochetwp","date":"29 mai 2017","format":false,"excerpt":"Pour les structures.","rel":"","context":"Article similaire","block_context":{"text":"Article similaire","link":""},"img":{"alt_text":"","src":"https:\/\/i0.wp.com\/www.ludothequericochet.fr\/wp-content\/uploads\/2019\/07\/camion-1-1024x497.jpg?resize=350%2C200&ssl=1","width":350,"height":200,"srcset":"https:\/\/i0.wp.com\/www.ludothequericochet.fr\/wp-content\/uploads\/2019\/07\/camion-1-1024x497.jpg?resize=350%2C200&ssl=1 1x, https:\/\/i0.wp.com\/www.ludothequericochet.fr\/wp-content\/uploads\/2019\/07\/camion-1-1024x497.jpg?resize=525%2C300&ssl=1 1.5x, https:\/\/i0.wp.com\/www.ludothequericochet.fr\/wp-content\/uploads\/2019\/07\/camion-1-1024x497.jpg?resize=700%2C400&ssl=1 2x"},"classes":[]}],"post_mailing_queue_ids":[],"_links":{"self":[{"href":"https:\/\/www.ludothequericochet.fr\/index.php?rest_route=\/wp\/v2\/pages\/6524","targetHints":{"allow":["GET"]}}],"collection":[{"href":"https:\/\/www.ludothequericochet.fr\/index.php?rest_route=\/wp\/v2\/pages"}],"about":[{"href":"https:\/\/www.ludothequericochet.fr\/index.php?rest_route=\/wp\/v2\/types\/page"}],"author":[{"embeddable":true,"href":"https:\/\/www.ludothequericochet.fr\/index.php?rest_route=\/wp\/v2\/users\/1"}],"replies":[{"embeddable":true,"href":"https:\/\/www.ludothequericochet.fr\/index.php?rest_route=%2Fwp%2Fv2%2Fcomments&post=6524"}],"version-history":[{"count":3,"href":"https:\/\/www.ludothequericochet.fr\/index.php?rest_route=\/wp\/v2\/pages\/6524\/revisions"}],"predecessor-version":[{"id":11254,"href":"https:\/\/www.ludothequericochet.fr\/index.php?rest_route=\/wp\/v2\/pages\/6524\/revisions\/11254"}],"wp:attachment":[{"href":"https:\/\/www.ludothequericochet.fr\/index.php?rest_route=%2Fwp%2Fv2%2Fmedia&parent=6524"}],"curies":[{"name":"wp","href":"https:\/\/api.w.org\/{rel}","templated":true}]}}